{"id":1950,"date":"2025-10-08T12:28:24","date_gmt":"2025-10-08T10:28:24","guid":{"rendered":"https:\/\/volthree.com\/productos\/serie-scs-armaris-compactes-monobloc-amb-porta-cega\/"},"modified":"2026-01-09T09:51:23","modified_gmt":"2026-01-09T08:51:23","slug":"serie-scs-armaris-compactes-monobloc-amb-porta-cega","status":"publish","type":"product","link":"https:\/\/volthree.com\/ca\/producto\/serie-scs-armaris-compactes-monobloc-amb-porta-cega\/","title":{"rendered":"S\u00e8rie SCS &#8211; Armaris compactes monobloc amb porta cega"},"content":{"rendered":"&#13;\n<p><strong>S\u00c8RIE SCS<\/strong><\/p>&#13;\n\r\n<ul class=\"wp-block-list\">&#13;\n<li>Fabricat en acer inoxidable AISI 304L (Wnr 1.4307).<\/li>&#13;\n\r\n\r\n&#13;\n<li>Marc autoportant esp=15\/10 doblegat i refor\u00e7at a les zones portants.<\/li>&#13;\n\r\n\r\n&#13;\n<li>Marc de refor\u00e7ament dins de la porta en tubular d&#8217;acer al carboni galvanitzat resistent i preperforat amb pas DIN 25 mm per a la fixaci\u00f3 d&#8217;accessoris.<\/li>&#13;\n\r\n\r\n&#13;\n<li>Porta frontal reversible i que es pot obrir a 120\u00b0 com a m\u00ednim amb 4 frontisses internes d&#8217;acer inoxidable, maneta ergon\u00f2mica en poliamida amb insert d&#8217;acer inoxidable de doble aleta, 4 punts de subjecci\u00f3, varetes d&#8217;acer inoxidable.<\/li>&#13;\n\r\n\r\n&#13;\n<li>Acabat extern SETINAT FI tipus Scotch-brite mitj\u00e0.<\/li>&#13;\n\r\n\r\n&#13;\n<li>Placa de muntatge en xapa galvanitzada esp=25\/10 lliscant en profunditat amb superf\u00edcie de cablejat augmentada, sistema d&#8217;introducci\u00f3 sobre corredisses i dispositiu de fixaci\u00f3 r\u00e0pida en la posici\u00f3 definitiva.<\/li>&#13;\n\r\n\r\n&#13;\n<li>Panell posterior extra\u00efble amb cargols d&#8217;acer inoxidable de cap en creu avellanada plana.<\/li>&#13;\n\r\n\r\n&#13;\n<li>Junta d&#8217;estanquitat de poliuret\u00e0 d&#8217;extensi\u00f3 robotitzada en totes les parts obribles i extra\u00efbles.<\/li>&#13;\n\r\n\r\n&#13;\n<li>Sistema d&#8217;elevaci\u00f3 per argolla (incl\u00f2s).<\/li>&#13;\n\r\n\r\n&#13;\n<li>Execuci\u00f3 d&#8217;1 porta per a amplades de fins a 1000 mm.<\/li>&#13;\n\r\n\r\n&#13;\n<li>Execucions de 2 portes independents amb tancament al centre (frontisses als costats de l&#8217;estructura) amb muntant central extra\u00efble per a l&#8217;amplada de 1600 mm.<\/li>&#13;\n\r\n\r\n&#13;\n<li>Execuci\u00f3 de 2 portes sense muntant central per a armaris A=1200 per facilitar l&#8217;accessibilitat a la part frontal; les portes s\u00f3n de batent una sobre l&#8217;altra, per la qual cosa tenen una prioritat d&#8217;obertura i la maneta ergon\u00f2mica es col\u00b7loca nom\u00e9s a la porta prim\u00e0ria.<\/li>&#13;\n\r\n\r\n&#13;\n<li>Grau de protecci\u00f3 IP66, IP69, IK10 certificat per T\u00dcV S\u00dcD segons la norma EN 62208<\/li>&#13;\n\r\n\r\n&#13;\n<li>Grau de protecci\u00f3 TYPE 1, 12,4, 4X (marca cULus) segons UL50, 508A, 746C i CSA 22.2 No.14,94 (sota comanda).<\/li>&#13;\n<\/ul>\r\n&#13;\n<p><strong>PLUS SOTA COMANDA<\/strong><\/p>&#13;\n&#13;\n<p><strong>Material<\/strong>: AISI 316L (Wnr 1.4404).<br\/><strong>Perforaci\u00f3<\/strong>: segons el dibuix a la porta, la part superior i els costats.<br\/><strong>Dimensions<\/strong>: especials.<br\/><strong>Segells<\/strong>: de silicona.<\/p>&#13;\n","protected":false},"excerpt":{"rendered":"<p>&#13; S\u00c8RIE SCS &#13; &#13; PLUS SOTA COMANDA &#13; &#13; Material: AISI 316L (Wnr 1.4404).Perforaci\u00f3: segons el dibuix a la porta, la part superior i els costats.Dimensions: especials.Segells: de silicona. &#13;<\/p>\n","protected":false},"featured_media":1951,"comment_status":"closed","ping_status":"closed","template":"","meta":[],"product_brand":[],"product_cat":[107],"product_tag":[],"certificacions-producte":[84,82,78,80],"material":[],"class_list":{"0":"post-1950","1":"product","2":"type-product","3":"status-publish","4":"has-post-thumbnail","6":"product_cat-armaris-compactes-monobloc","7":"certificacions-producte-atex","8":"certificacions-producte-culus","9":"certificacions-producte-iecex","10":"certificacions-producte-tuv","12":"first","13":"instock","14":"taxable","15":"shipping-taxable","16":"product-type-simple"},"yoast_head":"<!-- This site is optimized with the Yoast SEO plugin v27.3 - https:\/\/yoast.com\/product\/yoast-seo-wordpress\/ -->\n<title>S\u00e8rie SCS - Armaris compactes monobloc amb porta cega - Volthree<\/title>\n<meta name=\"robots\" content=\"index, follow, max-snippet:-1, max-image-preview:large, max-video-preview:-1\" \/>\n<link rel=\"canonical\" href=\"https:\/\/volthree.com\/ca\/producto\/serie-scs-armaris-compactes-monobloc-amb-porta-cega\/\" \/>\n<meta property=\"og:locale\" content=\"ca_ES\" \/>\n<meta property=\"og:type\" content=\"article\" \/>\n<meta property=\"og:title\" content=\"S\u00e8rie SCS - Armaris compactes monobloc amb porta cega - Volthree\" \/>\n<meta property=\"og:description\" content=\"&#013; S\u00c8RIE SCS &#013; &#013; PLUS SOTA COMANDA &#013; &#013; Material: AISI 316L (Wnr 1.4404).Perforaci\u00f3: segons el dibuix a la porta, la part superior i els costats.Dimensions: especials.Segells: de silicona. &#013;\" \/>\n<meta property=\"og:url\" content=\"https:\/\/volthree.com\/ca\/producto\/serie-scs-armaris-compactes-monobloc-amb-porta-cega\/\" \/>\n<meta property=\"og:site_name\" content=\"Volthree\" \/>\n<meta property=\"article:modified_time\" content=\"2026-01-09T08:51:23+00:00\" \/>\n<meta property=\"og:image\" content=\"https:\/\/volthree.com\/wp-content\/uploads\/2025\/10\/ARMARIOS-COMPACTOS-MONOBLOQUE-EN-ACERO-INOXIDABLE-PUERTA-TRANSPARENTE.jpg\" \/>\n\t<meta property=\"og:image:width\" content=\"307\" \/>\n\t<meta property=\"og:image:height\" content=\"500\" \/>\n\t<meta property=\"og:image:type\" content=\"image\/jpeg\" \/>\n<meta name=\"twitter:card\" content=\"summary_large_image\" \/>\n<meta name=\"twitter:label1\" content=\"Temps estimat de lectura\" \/>\n\t<meta name=\"twitter:data1\" content=\"1 minut\" \/>\n<script type=\"application\/ld+json\" class=\"yoast-schema-graph\">{\"@context\":\"https:\\\/\\\/schema.org\",\"@graph\":[{\"@type\":\"WebPage\",\"@id\":\"https:\\\/\\\/volthree.com\\\/ca\\\/producto\\\/serie-scs-armaris-compactes-monobloc-amb-porta-cega\\\/\",\"url\":\"https:\\\/\\\/volthree.com\\\/ca\\\/producto\\\/serie-scs-armaris-compactes-monobloc-amb-porta-cega\\\/\",\"name\":\"S\u00e8rie SCS - Armaris compactes monobloc amb porta cega - Volthree\",\"isPartOf\":{\"@id\":\"https:\\\/\\\/volthree.com\\\/ca\\\/#website\"},\"primaryImageOfPage\":{\"@id\":\"https:\\\/\\\/volthree.com\\\/ca\\\/producto\\\/serie-scs-armaris-compactes-monobloc-amb-porta-cega\\\/#primaryimage\"},\"image\":{\"@id\":\"https:\\\/\\\/volthree.com\\\/ca\\\/producto\\\/serie-scs-armaris-compactes-monobloc-amb-porta-cega\\\/#primaryimage\"},\"thumbnailUrl\":\"https:\\\/\\\/volthree.com\\\/wp-content\\\/uploads\\\/2025\\\/10\\\/ARMARIOS-COMPACTOS-MONOBLOQUE-EN-ACERO-INOXIDABLE-PUERTA-TRANSPARENTE.jpg\",\"datePublished\":\"2025-10-08T10:28:24+00:00\",\"dateModified\":\"2026-01-09T08:51:23+00:00\",\"breadcrumb\":{\"@id\":\"https:\\\/\\\/volthree.com\\\/ca\\\/producto\\\/serie-scs-armaris-compactes-monobloc-amb-porta-cega\\\/#breadcrumb\"},\"inLanguage\":\"ca\",\"potentialAction\":[{\"@type\":\"ReadAction\",\"target\":[\"https:\\\/\\\/volthree.com\\\/ca\\\/producto\\\/serie-scs-armaris-compactes-monobloc-amb-porta-cega\\\/\"]}]},{\"@type\":\"ImageObject\",\"inLanguage\":\"ca\",\"@id\":\"https:\\\/\\\/volthree.com\\\/ca\\\/producto\\\/serie-scs-armaris-compactes-monobloc-amb-porta-cega\\\/#primaryimage\",\"url\":\"https:\\\/\\\/volthree.com\\\/wp-content\\\/uploads\\\/2025\\\/10\\\/ARMARIOS-COMPACTOS-MONOBLOQUE-EN-ACERO-INOXIDABLE-PUERTA-TRANSPARENTE.jpg\",\"contentUrl\":\"https:\\\/\\\/volthree.com\\\/wp-content\\\/uploads\\\/2025\\\/10\\\/ARMARIOS-COMPACTOS-MONOBLOQUE-EN-ACERO-INOXIDABLE-PUERTA-TRANSPARENTE.jpg\",\"width\":307,\"height\":500},{\"@type\":\"BreadcrumbList\",\"@id\":\"https:\\\/\\\/volthree.com\\\/ca\\\/producto\\\/serie-scs-armaris-compactes-monobloc-amb-porta-cega\\\/#breadcrumb\",\"itemListElement\":[{\"@type\":\"ListItem\",\"position\":1,\"name\":\"Portada\",\"item\":\"https:\\\/\\\/volthree.com\\\/ca\\\/inici\\\/\"},{\"@type\":\"ListItem\",\"position\":2,\"name\":\"Botiga\",\"item\":\"https:\\\/\\\/volthree.com\\\/ca\\\/botiga\\\/\"},{\"@type\":\"ListItem\",\"position\":3,\"name\":\"S\u00e8rie SCS &#8211; Armaris compactes monobloc amb porta cega\"}]},{\"@type\":\"WebSite\",\"@id\":\"https:\\\/\\\/volthree.com\\\/ca\\\/#website\",\"url\":\"https:\\\/\\\/volthree.com\\\/ca\\\/\",\"name\":\"Volthree\",\"description\":\"Armarios el\u00e9ctricos en acero inoxidable\",\"publisher\":{\"@id\":\"https:\\\/\\\/volthree.com\\\/ca\\\/#organization\"},\"potentialAction\":[{\"@type\":\"SearchAction\",\"target\":{\"@type\":\"EntryPoint\",\"urlTemplate\":\"https:\\\/\\\/volthree.com\\\/ca\\\/?s={search_term_string}\"},\"query-input\":{\"@type\":\"PropertyValueSpecification\",\"valueRequired\":true,\"valueName\":\"search_term_string\"}}],\"inLanguage\":\"ca\"},{\"@type\":\"Organization\",\"@id\":\"https:\\\/\\\/volthree.com\\\/ca\\\/#organization\",\"name\":\"Volthree\",\"url\":\"https:\\\/\\\/volthree.com\\\/ca\\\/\",\"logo\":{\"@type\":\"ImageObject\",\"inLanguage\":\"ca\",\"@id\":\"https:\\\/\\\/volthree.com\\\/ca\\\/#\\\/schema\\\/logo\\\/image\\\/\",\"url\":\"https:\\\/\\\/volthree.com\\\/wp-content\\\/uploads\\\/2025\\\/02\\\/volthree_logo_black.webp\",\"contentUrl\":\"https:\\\/\\\/volthree.com\\\/wp-content\\\/uploads\\\/2025\\\/02\\\/volthree_logo_black.webp\",\"width\":571,\"height\":126,\"caption\":\"Volthree\"},\"image\":{\"@id\":\"https:\\\/\\\/volthree.com\\\/ca\\\/#\\\/schema\\\/logo\\\/image\\\/\"}}]}<\/script>\n<!-- \/ Yoast SEO plugin. -->","yoast_head_json":{"title":"S\u00e8rie SCS - Armaris compactes monobloc amb porta cega - Volthree","robots":{"index":"index","follow":"follow","max-snippet":"max-snippet:-1","max-image-preview":"max-image-preview:large","max-video-preview":"max-video-preview:-1"},"canonical":"https:\/\/volthree.com\/ca\/producto\/serie-scs-armaris-compactes-monobloc-amb-porta-cega\/","og_locale":"ca_ES","og_type":"article","og_title":"S\u00e8rie SCS - Armaris compactes monobloc amb porta cega - Volthree","og_description":"&#13; S\u00c8RIE SCS &#13; &#13; PLUS SOTA COMANDA &#13; &#13; Material: AISI 316L (Wnr 1.4404).Perforaci\u00f3: segons el dibuix a la porta, la part superior i els costats.Dimensions: especials.Segells: de silicona. &#13;","og_url":"https:\/\/volthree.com\/ca\/producto\/serie-scs-armaris-compactes-monobloc-amb-porta-cega\/","og_site_name":"Volthree","article_modified_time":"2026-01-09T08:51:23+00:00","og_image":[{"width":307,"height":500,"url":"https:\/\/volthree.com\/wp-content\/uploads\/2025\/10\/ARMARIOS-COMPACTOS-MONOBLOQUE-EN-ACERO-INOXIDABLE-PUERTA-TRANSPARENTE.jpg","type":"image\/jpeg"}],"twitter_card":"summary_large_image","twitter_misc":{"Temps estimat de lectura":"1 minut"},"schema":{"@context":"https:\/\/schema.org","@graph":[{"@type":"WebPage","@id":"https:\/\/volthree.com\/ca\/producto\/serie-scs-armaris-compactes-monobloc-amb-porta-cega\/","url":"https:\/\/volthree.com\/ca\/producto\/serie-scs-armaris-compactes-monobloc-amb-porta-cega\/","name":"S\u00e8rie SCS - Armaris compactes monobloc amb porta cega - Volthree","isPartOf":{"@id":"https:\/\/volthree.com\/ca\/#website"},"primaryImageOfPage":{"@id":"https:\/\/volthree.com\/ca\/producto\/serie-scs-armaris-compactes-monobloc-amb-porta-cega\/#primaryimage"},"image":{"@id":"https:\/\/volthree.com\/ca\/producto\/serie-scs-armaris-compactes-monobloc-amb-porta-cega\/#primaryimage"},"thumbnailUrl":"https:\/\/volthree.com\/wp-content\/uploads\/2025\/10\/ARMARIOS-COMPACTOS-MONOBLOQUE-EN-ACERO-INOXIDABLE-PUERTA-TRANSPARENTE.jpg","datePublished":"2025-10-08T10:28:24+00:00","dateModified":"2026-01-09T08:51:23+00:00","breadcrumb":{"@id":"https:\/\/volthree.com\/ca\/producto\/serie-scs-armaris-compactes-monobloc-amb-porta-cega\/#breadcrumb"},"inLanguage":"ca","potentialAction":[{"@type":"ReadAction","target":["https:\/\/volthree.com\/ca\/producto\/serie-scs-armaris-compactes-monobloc-amb-porta-cega\/"]}]},{"@type":"ImageObject","inLanguage":"ca","@id":"https:\/\/volthree.com\/ca\/producto\/serie-scs-armaris-compactes-monobloc-amb-porta-cega\/#primaryimage","url":"https:\/\/volthree.com\/wp-content\/uploads\/2025\/10\/ARMARIOS-COMPACTOS-MONOBLOQUE-EN-ACERO-INOXIDABLE-PUERTA-TRANSPARENTE.jpg","contentUrl":"https:\/\/volthree.com\/wp-content\/uploads\/2025\/10\/ARMARIOS-COMPACTOS-MONOBLOQUE-EN-ACERO-INOXIDABLE-PUERTA-TRANSPARENTE.jpg","width":307,"height":500},{"@type":"BreadcrumbList","@id":"https:\/\/volthree.com\/ca\/producto\/serie-scs-armaris-compactes-monobloc-amb-porta-cega\/#breadcrumb","itemListElement":[{"@type":"ListItem","position":1,"name":"Portada","item":"https:\/\/volthree.com\/ca\/inici\/"},{"@type":"ListItem","position":2,"name":"Botiga","item":"https:\/\/volthree.com\/ca\/botiga\/"},{"@type":"ListItem","position":3,"name":"S\u00e8rie SCS &#8211; Armaris compactes monobloc amb porta cega"}]},{"@type":"WebSite","@id":"https:\/\/volthree.com\/ca\/#website","url":"https:\/\/volthree.com\/ca\/","name":"Volthree","description":"Armarios el\u00e9ctricos en acero inoxidable","publisher":{"@id":"https:\/\/volthree.com\/ca\/#organization"},"potentialAction":[{"@type":"SearchAction","target":{"@type":"EntryPoint","urlTemplate":"https:\/\/volthree.com\/ca\/?s={search_term_string}"},"query-input":{"@type":"PropertyValueSpecification","valueRequired":true,"valueName":"search_term_string"}}],"inLanguage":"ca"},{"@type":"Organization","@id":"https:\/\/volthree.com\/ca\/#organization","name":"Volthree","url":"https:\/\/volthree.com\/ca\/","logo":{"@type":"ImageObject","inLanguage":"ca","@id":"https:\/\/volthree.com\/ca\/#\/schema\/logo\/image\/","url":"https:\/\/volthree.com\/wp-content\/uploads\/2025\/02\/volthree_logo_black.webp","contentUrl":"https:\/\/volthree.com\/wp-content\/uploads\/2025\/02\/volthree_logo_black.webp","width":571,"height":126,"caption":"Volthree"},"image":{"@id":"https:\/\/volthree.com\/ca\/#\/schema\/logo\/image\/"}}]}},"_links":{"self":[{"href":"https:\/\/volthree.com\/ca\/wp-json\/wp\/v2\/product\/1950","targetHints":{"allow":["GET"]}}],"collection":[{"href":"https:\/\/volthree.com\/ca\/wp-json\/wp\/v2\/product"}],"about":[{"href":"https:\/\/volthree.com\/ca\/wp-json\/wp\/v2\/types\/product"}],"replies":[{"embeddable":true,"href":"https:\/\/volthree.com\/ca\/wp-json\/wp\/v2\/comments?post=1950"}],"wp:featuredmedia":[{"embeddable":true,"href":"https:\/\/volthree.com\/ca\/wp-json\/wp\/v2\/media\/1951"}],"wp:attachment":[{"href":"https:\/\/volthree.com\/ca\/wp-json\/wp\/v2\/media?parent=1950"}],"wp:term":[{"taxonomy":"product_brand","embeddable":true,"href":"https:\/\/volthree.com\/ca\/wp-json\/wp\/v2\/product_brand?post=1950"},{"taxonomy":"product_cat","embeddable":true,"href":"https:\/\/volthree.com\/ca\/wp-json\/wp\/v2\/product_cat?post=1950"},{"taxonomy":"product_tag","embeddable":true,"href":"https:\/\/volthree.com\/ca\/wp-json\/wp\/v2\/product_tag?post=1950"},{"taxonomy":"certificacions-producte","embeddable":true,"href":"https:\/\/volthree.com\/ca\/wp-json\/wp\/v2\/certificacions-producte?post=1950"},{"taxonomy":"material","embeddable":true,"href":"https:\/\/volthree.com\/ca\/wp-json\/wp\/v2\/material?post=1950"}],"curies":[{"name":"wp","href":"https:\/\/api.w.org\/{rel}","templated":true}]}}