{"id":1924,"date":"2025-10-08T12:48:34","date_gmt":"2025-10-08T10:48:34","guid":{"rendered":"https:\/\/volthree.com\/productos\/serie-lc-armaris-de-pupitre-amb-pla-superior-a-70o\/"},"modified":"2026-01-09T10:45:18","modified_gmt":"2026-01-09T09:45:18","slug":"serie-lc-armaris-de-pupitre-amb-pla-superior-a-70o","status":"publish","type":"product","link":"https:\/\/volthree.com\/ca\/producto\/serie-lc-armaris-de-pupitre-amb-pla-superior-a-70o\/","title":{"rendered":"S\u00e8rie LC &#8211; Armaris de pupitre amb pla superior a 70\u00ba"},"content":{"rendered":"&#13;\n<p><strong>S\u00c8RIE LC<\/strong><\/p>&#13;\n\r\n<ul class=\"wp-block-list\">&#13;\n<li>Fabricat en acer inoxidable AISI 304L (Wnr 1.4307);<\/li>&#13;\n\r\n\r\n&#13;\n<li>Marc autoportant compost per 2 parts (inferior i superior) cargolades entre elles;<\/li>&#13;\n\r\n\r\n&#13;\n<li>Acabat extern SATINAT FI tipus Scotch-brite mitj\u00e0;<\/li>&#13;\n\r\n\r\n&#13;\n<li>1 pla inclinat superior que s&#8217;obre amb frontissa de baix cap amunt amb molles de gas o varetes de suport;<\/li>&#13;\n\r\n\r\n&#13;\n<li>1 porta inferior reversible (2 sense muntant central per a amplada 1200) que s&#8217;obre amb frontisses a 120\u00b0;<\/li>&#13;\n\r\n\r\n&#13;\n<li>2 plaques de bloqueig en xapa galvanitzada en calent fixades internament a la part posterior amb cargols presoners roscats d&#8217;acer inoxidable;<\/li>&#13;\n\r\n\r\n&#13;\n<li>1 placa de muntatge herm\u00e8tica a la part inferior entre el cos del pupitre i el s\u00f2col (2 per amplada 1200);<\/li>&#13;\n\r\n\r\n&#13;\n<li>1 s\u00f2col descomponible H=100 mm (que es pot substituir amb altres tipus de s\u00f2col);<\/li>&#13;\n\r\n\r\n&#13;\n<li>Junta d&#8217;estanquitat de poliuret\u00e0 o d&#8217;EPDM.<\/li>&#13;\n<\/ul>\r\n&#13;\n<p><strong>PLUS SOTA COMANDA<\/strong><\/p>&#13;\n&#13;\n<p><strong>Material<\/strong>: AISI 316L (Wnr 1.4404).<br\/><strong>Perforaci\u00f3<\/strong>: segons el dibuix a la porta, la part superior i els costats.<br\/><strong>Dimensions<\/strong>: especials.<br\/><strong>Segells<\/strong>: de silicona.Fitxa t\u00e8cnica SLS<\/p>&#13;\n","protected":false},"excerpt":{"rendered":"<p>&#13; S\u00c8RIE LC &#13; &#13; PLUS SOTA COMANDA &#13; &#13; Material: AISI 316L (Wnr 1.4404).Perforaci\u00f3: segons el dibuix a la porta, la part superior i els costats.Dimensions: especials.Segells: de silicona.Fitxa t\u00e8cnica SLS &#13;<\/p>\n","protected":false},"featured_media":1925,"comment_status":"closed","ping_status":"closed","template":"","meta":[],"product_brand":[],"product_cat":[126],"product_tag":[],"certificacions-producte":[84,82,78,80],"material":[],"class_list":{"0":"post-1924","1":"product","2":"type-product","3":"status-publish","4":"has-post-thumbnail","6":"product_cat-pupitres","7":"certificacions-producte-atex","8":"certificacions-producte-culus","9":"certificacions-producte-iecex","10":"certificacions-producte-tuv","12":"first","13":"instock","14":"taxable","15":"shipping-taxable","16":"product-type-simple"},"yoast_head":"<!-- This site is optimized with the Yoast SEO plugin v27.3 - https:\/\/yoast.com\/product\/yoast-seo-wordpress\/ -->\n<title>S\u00e8rie LC - Armaris de pupitre amb pla superior a 70\u00ba - Volthree<\/title>\n<meta name=\"robots\" content=\"index, follow, max-snippet:-1, max-image-preview:large, max-video-preview:-1\" \/>\n<link rel=\"canonical\" href=\"https:\/\/volthree.com\/ca\/producto\/serie-lc-armaris-de-pupitre-amb-pla-superior-a-70o\/\" \/>\n<meta property=\"og:locale\" content=\"ca_ES\" \/>\n<meta property=\"og:type\" content=\"article\" \/>\n<meta property=\"og:title\" content=\"S\u00e8rie LC - Armaris de pupitre amb pla superior a 70\u00ba - Volthree\" \/>\n<meta property=\"og:description\" content=\"&#013; S\u00c8RIE LC &#013; &#013; PLUS SOTA COMANDA &#013; &#013; Material: AISI 316L (Wnr 1.4404).Perforaci\u00f3: segons el dibuix a la porta, la part superior i els costats.Dimensions: especials.Segells: de silicona.Fitxa t\u00e8cnica SLS &#013;\" \/>\n<meta property=\"og:url\" content=\"https:\/\/volthree.com\/ca\/producto\/serie-lc-armaris-de-pupitre-amb-pla-superior-a-70o\/\" \/>\n<meta property=\"og:site_name\" content=\"Volthree\" \/>\n<meta property=\"article:modified_time\" content=\"2026-01-09T09:45:18+00:00\" \/>\n<meta property=\"og:image\" content=\"https:\/\/volthree.com\/wp-content\/uploads\/2025\/10\/ARMARIOS-PUPITRE-EN-ACERO-INOXIDABLE-PARA-INSTALACIONES-ELECTRICAS-\u2013-2-partes-600x614-1.jpg\" \/>\n\t<meta property=\"og:image:width\" content=\"600\" \/>\n\t<meta property=\"og:image:height\" content=\"614\" \/>\n\t<meta property=\"og:image:type\" content=\"image\/jpeg\" \/>\n<meta name=\"twitter:card\" content=\"summary_large_image\" \/>\n<meta name=\"twitter:label1\" content=\"Temps estimat de lectura\" \/>\n\t<meta name=\"twitter:data1\" content=\"1 minut\" \/>\n<script type=\"application\/ld+json\" class=\"yoast-schema-graph\">{\"@context\":\"https:\\\/\\\/schema.org\",\"@graph\":[{\"@type\":\"WebPage\",\"@id\":\"https:\\\/\\\/volthree.com\\\/ca\\\/producto\\\/serie-lc-armaris-de-pupitre-amb-pla-superior-a-70o\\\/\",\"url\":\"https:\\\/\\\/volthree.com\\\/ca\\\/producto\\\/serie-lc-armaris-de-pupitre-amb-pla-superior-a-70o\\\/\",\"name\":\"S\u00e8rie LC - Armaris de pupitre amb pla superior a 70\u00ba - Volthree\",\"isPartOf\":{\"@id\":\"https:\\\/\\\/volthree.com\\\/ca\\\/#website\"},\"primaryImageOfPage\":{\"@id\":\"https:\\\/\\\/volthree.com\\\/ca\\\/producto\\\/serie-lc-armaris-de-pupitre-amb-pla-superior-a-70o\\\/#primaryimage\"},\"image\":{\"@id\":\"https:\\\/\\\/volthree.com\\\/ca\\\/producto\\\/serie-lc-armaris-de-pupitre-amb-pla-superior-a-70o\\\/#primaryimage\"},\"thumbnailUrl\":\"https:\\\/\\\/volthree.com\\\/wp-content\\\/uploads\\\/2025\\\/10\\\/ARMARIOS-PUPITRE-EN-ACERO-INOXIDABLE-PARA-INSTALACIONES-ELECTRICAS-\u2013-2-partes-600x614-1.jpg\",\"datePublished\":\"2025-10-08T10:48:34+00:00\",\"dateModified\":\"2026-01-09T09:45:18+00:00\",\"breadcrumb\":{\"@id\":\"https:\\\/\\\/volthree.com\\\/ca\\\/producto\\\/serie-lc-armaris-de-pupitre-amb-pla-superior-a-70o\\\/#breadcrumb\"},\"inLanguage\":\"ca\",\"potentialAction\":[{\"@type\":\"ReadAction\",\"target\":[\"https:\\\/\\\/volthree.com\\\/ca\\\/producto\\\/serie-lc-armaris-de-pupitre-amb-pla-superior-a-70o\\\/\"]}]},{\"@type\":\"ImageObject\",\"inLanguage\":\"ca\",\"@id\":\"https:\\\/\\\/volthree.com\\\/ca\\\/producto\\\/serie-lc-armaris-de-pupitre-amb-pla-superior-a-70o\\\/#primaryimage\",\"url\":\"https:\\\/\\\/volthree.com\\\/wp-content\\\/uploads\\\/2025\\\/10\\\/ARMARIOS-PUPITRE-EN-ACERO-INOXIDABLE-PARA-INSTALACIONES-ELECTRICAS-\u2013-2-partes-600x614-1.jpg\",\"contentUrl\":\"https:\\\/\\\/volthree.com\\\/wp-content\\\/uploads\\\/2025\\\/10\\\/ARMARIOS-PUPITRE-EN-ACERO-INOXIDABLE-PARA-INSTALACIONES-ELECTRICAS-\u2013-2-partes-600x614-1.jpg\",\"width\":600,\"height\":614},{\"@type\":\"BreadcrumbList\",\"@id\":\"https:\\\/\\\/volthree.com\\\/ca\\\/producto\\\/serie-lc-armaris-de-pupitre-amb-pla-superior-a-70o\\\/#breadcrumb\",\"itemListElement\":[{\"@type\":\"ListItem\",\"position\":1,\"name\":\"Portada\",\"item\":\"https:\\\/\\\/volthree.com\\\/ca\\\/inici\\\/\"},{\"@type\":\"ListItem\",\"position\":2,\"name\":\"Botiga\",\"item\":\"https:\\\/\\\/volthree.com\\\/ca\\\/botiga\\\/\"},{\"@type\":\"ListItem\",\"position\":3,\"name\":\"S\u00e8rie LC &#8211; Armaris de pupitre amb pla superior a 70\u00ba\"}]},{\"@type\":\"WebSite\",\"@id\":\"https:\\\/\\\/volthree.com\\\/ca\\\/#website\",\"url\":\"https:\\\/\\\/volthree.com\\\/ca\\\/\",\"name\":\"Volthree\",\"description\":\"Armarios el\u00e9ctricos en acero inoxidable\",\"publisher\":{\"@id\":\"https:\\\/\\\/volthree.com\\\/ca\\\/#organization\"},\"potentialAction\":[{\"@type\":\"SearchAction\",\"target\":{\"@type\":\"EntryPoint\",\"urlTemplate\":\"https:\\\/\\\/volthree.com\\\/ca\\\/?s={search_term_string}\"},\"query-input\":{\"@type\":\"PropertyValueSpecification\",\"valueRequired\":true,\"valueName\":\"search_term_string\"}}],\"inLanguage\":\"ca\"},{\"@type\":\"Organization\",\"@id\":\"https:\\\/\\\/volthree.com\\\/ca\\\/#organization\",\"name\":\"Volthree\",\"url\":\"https:\\\/\\\/volthree.com\\\/ca\\\/\",\"logo\":{\"@type\":\"ImageObject\",\"inLanguage\":\"ca\",\"@id\":\"https:\\\/\\\/volthree.com\\\/ca\\\/#\\\/schema\\\/logo\\\/image\\\/\",\"url\":\"https:\\\/\\\/volthree.com\\\/wp-content\\\/uploads\\\/2025\\\/02\\\/volthree_logo_black.webp\",\"contentUrl\":\"https:\\\/\\\/volthree.com\\\/wp-content\\\/uploads\\\/2025\\\/02\\\/volthree_logo_black.webp\",\"width\":571,\"height\":126,\"caption\":\"Volthree\"},\"image\":{\"@id\":\"https:\\\/\\\/volthree.com\\\/ca\\\/#\\\/schema\\\/logo\\\/image\\\/\"}}]}<\/script>\n<!-- \/ Yoast SEO plugin. -->","yoast_head_json":{"title":"S\u00e8rie LC - Armaris de pupitre amb pla superior a 70\u00ba - Volthree","robots":{"index":"index","follow":"follow","max-snippet":"max-snippet:-1","max-image-preview":"max-image-preview:large","max-video-preview":"max-video-preview:-1"},"canonical":"https:\/\/volthree.com\/ca\/producto\/serie-lc-armaris-de-pupitre-amb-pla-superior-a-70o\/","og_locale":"ca_ES","og_type":"article","og_title":"S\u00e8rie LC - Armaris de pupitre amb pla superior a 70\u00ba - Volthree","og_description":"&#13; S\u00c8RIE LC &#13; &#13; PLUS SOTA COMANDA &#13; &#13; Material: AISI 316L (Wnr 1.4404).Perforaci\u00f3: segons el dibuix a la porta, la part superior i els costats.Dimensions: especials.Segells: de silicona.Fitxa t\u00e8cnica SLS &#13;","og_url":"https:\/\/volthree.com\/ca\/producto\/serie-lc-armaris-de-pupitre-amb-pla-superior-a-70o\/","og_site_name":"Volthree","article_modified_time":"2026-01-09T09:45:18+00:00","og_image":[{"width":600,"height":614,"url":"https:\/\/volthree.com\/wp-content\/uploads\/2025\/10\/ARMARIOS-PUPITRE-EN-ACERO-INOXIDABLE-PARA-INSTALACIONES-ELECTRICAS-\u2013-2-partes-600x614-1.jpg","type":"image\/jpeg"}],"twitter_card":"summary_large_image","twitter_misc":{"Temps estimat de lectura":"1 minut"},"schema":{"@context":"https:\/\/schema.org","@graph":[{"@type":"WebPage","@id":"https:\/\/volthree.com\/ca\/producto\/serie-lc-armaris-de-pupitre-amb-pla-superior-a-70o\/","url":"https:\/\/volthree.com\/ca\/producto\/serie-lc-armaris-de-pupitre-amb-pla-superior-a-70o\/","name":"S\u00e8rie LC - Armaris de pupitre amb pla superior a 70\u00ba - Volthree","isPartOf":{"@id":"https:\/\/volthree.com\/ca\/#website"},"primaryImageOfPage":{"@id":"https:\/\/volthree.com\/ca\/producto\/serie-lc-armaris-de-pupitre-amb-pla-superior-a-70o\/#primaryimage"},"image":{"@id":"https:\/\/volthree.com\/ca\/producto\/serie-lc-armaris-de-pupitre-amb-pla-superior-a-70o\/#primaryimage"},"thumbnailUrl":"https:\/\/volthree.com\/wp-content\/uploads\/2025\/10\/ARMARIOS-PUPITRE-EN-ACERO-INOXIDABLE-PARA-INSTALACIONES-ELECTRICAS-\u2013-2-partes-600x614-1.jpg","datePublished":"2025-10-08T10:48:34+00:00","dateModified":"2026-01-09T09:45:18+00:00","breadcrumb":{"@id":"https:\/\/volthree.com\/ca\/producto\/serie-lc-armaris-de-pupitre-amb-pla-superior-a-70o\/#breadcrumb"},"inLanguage":"ca","potentialAction":[{"@type":"ReadAction","target":["https:\/\/volthree.com\/ca\/producto\/serie-lc-armaris-de-pupitre-amb-pla-superior-a-70o\/"]}]},{"@type":"ImageObject","inLanguage":"ca","@id":"https:\/\/volthree.com\/ca\/producto\/serie-lc-armaris-de-pupitre-amb-pla-superior-a-70o\/#primaryimage","url":"https:\/\/volthree.com\/wp-content\/uploads\/2025\/10\/ARMARIOS-PUPITRE-EN-ACERO-INOXIDABLE-PARA-INSTALACIONES-ELECTRICAS-\u2013-2-partes-600x614-1.jpg","contentUrl":"https:\/\/volthree.com\/wp-content\/uploads\/2025\/10\/ARMARIOS-PUPITRE-EN-ACERO-INOXIDABLE-PARA-INSTALACIONES-ELECTRICAS-\u2013-2-partes-600x614-1.jpg","width":600,"height":614},{"@type":"BreadcrumbList","@id":"https:\/\/volthree.com\/ca\/producto\/serie-lc-armaris-de-pupitre-amb-pla-superior-a-70o\/#breadcrumb","itemListElement":[{"@type":"ListItem","position":1,"name":"Portada","item":"https:\/\/volthree.com\/ca\/inici\/"},{"@type":"ListItem","position":2,"name":"Botiga","item":"https:\/\/volthree.com\/ca\/botiga\/"},{"@type":"ListItem","position":3,"name":"S\u00e8rie LC &#8211; Armaris de pupitre amb pla superior a 70\u00ba"}]},{"@type":"WebSite","@id":"https:\/\/volthree.com\/ca\/#website","url":"https:\/\/volthree.com\/ca\/","name":"Volthree","description":"Armarios el\u00e9ctricos en acero inoxidable","publisher":{"@id":"https:\/\/volthree.com\/ca\/#organization"},"potentialAction":[{"@type":"SearchAction","target":{"@type":"EntryPoint","urlTemplate":"https:\/\/volthree.com\/ca\/?s={search_term_string}"},"query-input":{"@type":"PropertyValueSpecification","valueRequired":true,"valueName":"search_term_string"}}],"inLanguage":"ca"},{"@type":"Organization","@id":"https:\/\/volthree.com\/ca\/#organization","name":"Volthree","url":"https:\/\/volthree.com\/ca\/","logo":{"@type":"ImageObject","inLanguage":"ca","@id":"https:\/\/volthree.com\/ca\/#\/schema\/logo\/image\/","url":"https:\/\/volthree.com\/wp-content\/uploads\/2025\/02\/volthree_logo_black.webp","contentUrl":"https:\/\/volthree.com\/wp-content\/uploads\/2025\/02\/volthree_logo_black.webp","width":571,"height":126,"caption":"Volthree"},"image":{"@id":"https:\/\/volthree.com\/ca\/#\/schema\/logo\/image\/"}}]}},"_links":{"self":[{"href":"https:\/\/volthree.com\/ca\/wp-json\/wp\/v2\/product\/1924","targetHints":{"allow":["GET"]}}],"collection":[{"href":"https:\/\/volthree.com\/ca\/wp-json\/wp\/v2\/product"}],"about":[{"href":"https:\/\/volthree.com\/ca\/wp-json\/wp\/v2\/types\/product"}],"replies":[{"embeddable":true,"href":"https:\/\/volthree.com\/ca\/wp-json\/wp\/v2\/comments?post=1924"}],"wp:featuredmedia":[{"embeddable":true,"href":"https:\/\/volthree.com\/ca\/wp-json\/wp\/v2\/media\/1925"}],"wp:attachment":[{"href":"https:\/\/volthree.com\/ca\/wp-json\/wp\/v2\/media?parent=1924"}],"wp:term":[{"taxonomy":"product_brand","embeddable":true,"href":"https:\/\/volthree.com\/ca\/wp-json\/wp\/v2\/product_brand?post=1924"},{"taxonomy":"product_cat","embeddable":true,"href":"https:\/\/volthree.com\/ca\/wp-json\/wp\/v2\/product_cat?post=1924"},{"taxonomy":"product_tag","embeddable":true,"href":"https:\/\/volthree.com\/ca\/wp-json\/wp\/v2\/product_tag?post=1924"},{"taxonomy":"certificacions-producte","embeddable":true,"href":"https:\/\/volthree.com\/ca\/wp-json\/wp\/v2\/certificacions-producte?post=1924"},{"taxonomy":"material","embeddable":true,"href":"https:\/\/volthree.com\/ca\/wp-json\/wp\/v2\/material?post=1924"}],"curies":[{"name":"wp","href":"https:\/\/api.w.org\/{rel}","templated":true}]}}