{"id":1885,"date":"2025-10-08T13:14:53","date_gmt":"2025-10-08T11:14:53","guid":{"rendered":"https:\/\/volthree.com\/productos\/serie-kc-skin-caixes-de-comandament\/"},"modified":"2026-01-09T10:56:24","modified_gmt":"2026-01-09T09:56:24","slug":"serie-kc-skin-caixes-de-comandament","status":"publish","type":"product","link":"https:\/\/volthree.com\/ca\/producto\/serie-kc-skin-caixes-de-comandament\/","title":{"rendered":"S\u00e8rie KC &#8220;SKIN&#8221; &#8211; Caixes de comandament"},"content":{"rendered":"&#13;\n<p><strong>S\u00c8RIE KCS &#8220;SKIN&#8221;<\/strong><\/p>&#13;\n\r\n<ul class=\"wp-block-list\">&#13;\n<li>Realitzades completament amb acer AISI 304L (Wnr 1.4307).<\/li>&#13;\n\r\n\r\n&#13;\n<li>Acabat extern SETINAT FI tipus Scotch-brite mitj\u00e0.<\/li>&#13;\n\r\n\r\n&#13;\n<li>Per utilitzar en combinaci\u00f3 amb el sistema dels bra\u00e7os de suport, s\u00e8rie &#8220;T&#8221;, amb les juntes girat\u00f2ries corresponents de la s\u00e8rie GM (costat m\u00e0quina) o GS (costat Caixa de comandament) i fixes de la s\u00e8rie GF, per tenir agilitat en controlar els instruments.<\/li>&#13;\n\r\n\r\n&#13;\n<li>Preparada per al suport amb un bra\u00e7 de di\u00e0metre de 48 mm i de 60 mm.<\/li>&#13;\n\r\n\r\n&#13;\n<li>El muntatge \u00e9s possible amb el suport del bra\u00e7 al costat inferior o superior, i la porta \u00e9s reversible.<\/li>&#13;\n\r\n\r\n&#13;\n<li>Porta amb cantonades arrodonides amb obertura m\u00ednima de 120\u00b0, frontisses internes d&#8217;acer inoxidable, panys laterals amb insert d&#8217;acer inoxidable de doble aleta<\/li>&#13;\n\r\n\r\n&#13;\n<li>Junta d&#8217;estanquitat de poliuret\u00e0 aplicada per sistema robotitzat.<\/li>&#13;\n\r\n\r\n&#13;\n<li>M\u00e0nec ergon\u00f2mic.<\/li>&#13;\n\r\n\r\n&#13;\n<li>Gruixos xapa de cos i porta de 12\/10 mm a 15\/10 mm en funci\u00f3 de les dimensions.<\/li>&#13;\n<\/ul>\r\n&#13;\n<p><strong>PLUS SOTA COMANDA<\/strong><\/p>&#13;\n&#13;\n<p><strong>Material<\/strong>: AISI 316L (Wnr 1.4404).<br\/><strong>Perforaci\u00f3<\/strong>: segons el dibuix a la porta, la part superior i els costats.<br\/><strong>Dimensions<\/strong>: especials.<br\/><strong>Segells<\/strong>: de silicona.<\/p>&#13;\n","protected":false},"excerpt":{"rendered":"<p>&#13; S\u00c8RIE KCS &#8220;SKIN&#8221; &#13; &#13; PLUS SOTA COMANDA &#13; &#13; Material: AISI 316L (Wnr 1.4404).Perforaci\u00f3: segons el dibuix a la porta, la part superior i els costats.Dimensions: especials.Segells: de silicona. &#13;<\/p>\n","protected":false},"featured_media":1886,"comment_status":"closed","ping_status":"closed","template":"","meta":[],"product_brand":[],"product_cat":[116],"product_tag":[],"certificacions-producte":[84,82,78,80],"material":[],"class_list":{"0":"post-1885","1":"product","2":"type-product","3":"status-publish","4":"has-post-thumbnail","6":"product_cat-caixes-de-control-i-sistemes-de-suport","7":"certificacions-producte-atex","8":"certificacions-producte-culus","9":"certificacions-producte-iecex","10":"certificacions-producte-tuv","12":"first","13":"instock","14":"taxable","15":"shipping-taxable","16":"product-type-simple"},"yoast_head":"<!-- This site is optimized with the Yoast SEO plugin v27.3 - https:\/\/yoast.com\/product\/yoast-seo-wordpress\/ -->\n<title>S\u00e8rie KC &quot;SKIN&quot; - Caixes de comandament - Volthree<\/title>\n<meta name=\"robots\" content=\"index, follow, max-snippet:-1, max-image-preview:large, max-video-preview:-1\" \/>\n<link rel=\"canonical\" href=\"https:\/\/volthree.com\/ca\/producto\/serie-kc-skin-caixes-de-comandament\/\" \/>\n<meta property=\"og:locale\" content=\"ca_ES\" \/>\n<meta property=\"og:type\" content=\"article\" \/>\n<meta property=\"og:title\" content=\"S\u00e8rie KC &quot;SKIN&quot; - Caixes de comandament - Volthree\" \/>\n<meta property=\"og:description\" content=\"&#013; S\u00c8RIE KCS &#8220;SKIN&#8221; &#013; &#013; PLUS SOTA COMANDA &#013; &#013; Material: AISI 316L (Wnr 1.4404).Perforaci\u00f3: segons el dibuix a la porta, la part superior i els costats.Dimensions: especials.Segells: de silicona. &#013;\" \/>\n<meta property=\"og:url\" content=\"https:\/\/volthree.com\/ca\/producto\/serie-kc-skin-caixes-de-comandament\/\" \/>\n<meta property=\"og:site_name\" content=\"Volthree\" \/>\n<meta property=\"article:modified_time\" content=\"2026-01-09T09:56:24+00:00\" \/>\n<meta property=\"og:image\" content=\"https:\/\/volthree.com\/wp-content\/uploads\/2025\/10\/SERIE-KCS-SKIN-\u2013-CAJAS-DE-MANDO-600x595-1.jpg\" \/>\n\t<meta property=\"og:image:width\" content=\"600\" \/>\n\t<meta property=\"og:image:height\" content=\"595\" \/>\n\t<meta property=\"og:image:type\" content=\"image\/jpeg\" \/>\n<meta name=\"twitter:card\" content=\"summary_large_image\" \/>\n<meta name=\"twitter:label1\" content=\"Temps estimat de lectura\" \/>\n\t<meta name=\"twitter:data1\" content=\"1 minut\" \/>\n<script type=\"application\/ld+json\" class=\"yoast-schema-graph\">{\"@context\":\"https:\\\/\\\/schema.org\",\"@graph\":[{\"@type\":\"WebPage\",\"@id\":\"https:\\\/\\\/volthree.com\\\/ca\\\/producto\\\/serie-kc-skin-caixes-de-comandament\\\/\",\"url\":\"https:\\\/\\\/volthree.com\\\/ca\\\/producto\\\/serie-kc-skin-caixes-de-comandament\\\/\",\"name\":\"S\u00e8rie KC \\\"SKIN\\\" - Caixes de comandament - Volthree\",\"isPartOf\":{\"@id\":\"https:\\\/\\\/volthree.com\\\/ca\\\/#website\"},\"primaryImageOfPage\":{\"@id\":\"https:\\\/\\\/volthree.com\\\/ca\\\/producto\\\/serie-kc-skin-caixes-de-comandament\\\/#primaryimage\"},\"image\":{\"@id\":\"https:\\\/\\\/volthree.com\\\/ca\\\/producto\\\/serie-kc-skin-caixes-de-comandament\\\/#primaryimage\"},\"thumbnailUrl\":\"https:\\\/\\\/volthree.com\\\/wp-content\\\/uploads\\\/2025\\\/10\\\/SERIE-KCS-SKIN-\u2013-CAJAS-DE-MANDO-600x595-1.jpg\",\"datePublished\":\"2025-10-08T11:14:53+00:00\",\"dateModified\":\"2026-01-09T09:56:24+00:00\",\"breadcrumb\":{\"@id\":\"https:\\\/\\\/volthree.com\\\/ca\\\/producto\\\/serie-kc-skin-caixes-de-comandament\\\/#breadcrumb\"},\"inLanguage\":\"ca\",\"potentialAction\":[{\"@type\":\"ReadAction\",\"target\":[\"https:\\\/\\\/volthree.com\\\/ca\\\/producto\\\/serie-kc-skin-caixes-de-comandament\\\/\"]}]},{\"@type\":\"ImageObject\",\"inLanguage\":\"ca\",\"@id\":\"https:\\\/\\\/volthree.com\\\/ca\\\/producto\\\/serie-kc-skin-caixes-de-comandament\\\/#primaryimage\",\"url\":\"https:\\\/\\\/volthree.com\\\/wp-content\\\/uploads\\\/2025\\\/10\\\/SERIE-KCS-SKIN-\u2013-CAJAS-DE-MANDO-600x595-1.jpg\",\"contentUrl\":\"https:\\\/\\\/volthree.com\\\/wp-content\\\/uploads\\\/2025\\\/10\\\/SERIE-KCS-SKIN-\u2013-CAJAS-DE-MANDO-600x595-1.jpg\",\"width\":600,\"height\":595},{\"@type\":\"BreadcrumbList\",\"@id\":\"https:\\\/\\\/volthree.com\\\/ca\\\/producto\\\/serie-kc-skin-caixes-de-comandament\\\/#breadcrumb\",\"itemListElement\":[{\"@type\":\"ListItem\",\"position\":1,\"name\":\"Portada\",\"item\":\"https:\\\/\\\/volthree.com\\\/ca\\\/inici\\\/\"},{\"@type\":\"ListItem\",\"position\":2,\"name\":\"Botiga\",\"item\":\"https:\\\/\\\/volthree.com\\\/ca\\\/botiga\\\/\"},{\"@type\":\"ListItem\",\"position\":3,\"name\":\"S\u00e8rie KC \u00abSKIN\u00bb &#8211; Caixes de comandament\"}]},{\"@type\":\"WebSite\",\"@id\":\"https:\\\/\\\/volthree.com\\\/ca\\\/#website\",\"url\":\"https:\\\/\\\/volthree.com\\\/ca\\\/\",\"name\":\"Volthree\",\"description\":\"Armarios el\u00e9ctricos en acero inoxidable\",\"publisher\":{\"@id\":\"https:\\\/\\\/volthree.com\\\/ca\\\/#organization\"},\"potentialAction\":[{\"@type\":\"SearchAction\",\"target\":{\"@type\":\"EntryPoint\",\"urlTemplate\":\"https:\\\/\\\/volthree.com\\\/ca\\\/?s={search_term_string}\"},\"query-input\":{\"@type\":\"PropertyValueSpecification\",\"valueRequired\":true,\"valueName\":\"search_term_string\"}}],\"inLanguage\":\"ca\"},{\"@type\":\"Organization\",\"@id\":\"https:\\\/\\\/volthree.com\\\/ca\\\/#organization\",\"name\":\"Volthree\",\"url\":\"https:\\\/\\\/volthree.com\\\/ca\\\/\",\"logo\":{\"@type\":\"ImageObject\",\"inLanguage\":\"ca\",\"@id\":\"https:\\\/\\\/volthree.com\\\/ca\\\/#\\\/schema\\\/logo\\\/image\\\/\",\"url\":\"https:\\\/\\\/volthree.com\\\/wp-content\\\/uploads\\\/2025\\\/02\\\/volthree_logo_black.webp\",\"contentUrl\":\"https:\\\/\\\/volthree.com\\\/wp-content\\\/uploads\\\/2025\\\/02\\\/volthree_logo_black.webp\",\"width\":571,\"height\":126,\"caption\":\"Volthree\"},\"image\":{\"@id\":\"https:\\\/\\\/volthree.com\\\/ca\\\/#\\\/schema\\\/logo\\\/image\\\/\"}}]}<\/script>\n<!-- \/ Yoast SEO plugin. -->","yoast_head_json":{"title":"S\u00e8rie KC \"SKIN\" - Caixes de comandament - Volthree","robots":{"index":"index","follow":"follow","max-snippet":"max-snippet:-1","max-image-preview":"max-image-preview:large","max-video-preview":"max-video-preview:-1"},"canonical":"https:\/\/volthree.com\/ca\/producto\/serie-kc-skin-caixes-de-comandament\/","og_locale":"ca_ES","og_type":"article","og_title":"S\u00e8rie KC \"SKIN\" - Caixes de comandament - Volthree","og_description":"&#13; S\u00c8RIE KCS &#8220;SKIN&#8221; &#13; &#13; PLUS SOTA COMANDA &#13; &#13; Material: AISI 316L (Wnr 1.4404).Perforaci\u00f3: segons el dibuix a la porta, la part superior i els costats.Dimensions: especials.Segells: de silicona. &#13;","og_url":"https:\/\/volthree.com\/ca\/producto\/serie-kc-skin-caixes-de-comandament\/","og_site_name":"Volthree","article_modified_time":"2026-01-09T09:56:24+00:00","og_image":[{"width":600,"height":595,"url":"https:\/\/volthree.com\/wp-content\/uploads\/2025\/10\/SERIE-KCS-SKIN-\u2013-CAJAS-DE-MANDO-600x595-1.jpg","type":"image\/jpeg"}],"twitter_card":"summary_large_image","twitter_misc":{"Temps estimat de lectura":"1 minut"},"schema":{"@context":"https:\/\/schema.org","@graph":[{"@type":"WebPage","@id":"https:\/\/volthree.com\/ca\/producto\/serie-kc-skin-caixes-de-comandament\/","url":"https:\/\/volthree.com\/ca\/producto\/serie-kc-skin-caixes-de-comandament\/","name":"S\u00e8rie KC \"SKIN\" - Caixes de comandament - Volthree","isPartOf":{"@id":"https:\/\/volthree.com\/ca\/#website"},"primaryImageOfPage":{"@id":"https:\/\/volthree.com\/ca\/producto\/serie-kc-skin-caixes-de-comandament\/#primaryimage"},"image":{"@id":"https:\/\/volthree.com\/ca\/producto\/serie-kc-skin-caixes-de-comandament\/#primaryimage"},"thumbnailUrl":"https:\/\/volthree.com\/wp-content\/uploads\/2025\/10\/SERIE-KCS-SKIN-\u2013-CAJAS-DE-MANDO-600x595-1.jpg","datePublished":"2025-10-08T11:14:53+00:00","dateModified":"2026-01-09T09:56:24+00:00","breadcrumb":{"@id":"https:\/\/volthree.com\/ca\/producto\/serie-kc-skin-caixes-de-comandament\/#breadcrumb"},"inLanguage":"ca","potentialAction":[{"@type":"ReadAction","target":["https:\/\/volthree.com\/ca\/producto\/serie-kc-skin-caixes-de-comandament\/"]}]},{"@type":"ImageObject","inLanguage":"ca","@id":"https:\/\/volthree.com\/ca\/producto\/serie-kc-skin-caixes-de-comandament\/#primaryimage","url":"https:\/\/volthree.com\/wp-content\/uploads\/2025\/10\/SERIE-KCS-SKIN-\u2013-CAJAS-DE-MANDO-600x595-1.jpg","contentUrl":"https:\/\/volthree.com\/wp-content\/uploads\/2025\/10\/SERIE-KCS-SKIN-\u2013-CAJAS-DE-MANDO-600x595-1.jpg","width":600,"height":595},{"@type":"BreadcrumbList","@id":"https:\/\/volthree.com\/ca\/producto\/serie-kc-skin-caixes-de-comandament\/#breadcrumb","itemListElement":[{"@type":"ListItem","position":1,"name":"Portada","item":"https:\/\/volthree.com\/ca\/inici\/"},{"@type":"ListItem","position":2,"name":"Botiga","item":"https:\/\/volthree.com\/ca\/botiga\/"},{"@type":"ListItem","position":3,"name":"S\u00e8rie KC \u00abSKIN\u00bb &#8211; Caixes de comandament"}]},{"@type":"WebSite","@id":"https:\/\/volthree.com\/ca\/#website","url":"https:\/\/volthree.com\/ca\/","name":"Volthree","description":"Armarios el\u00e9ctricos en acero inoxidable","publisher":{"@id":"https:\/\/volthree.com\/ca\/#organization"},"potentialAction":[{"@type":"SearchAction","target":{"@type":"EntryPoint","urlTemplate":"https:\/\/volthree.com\/ca\/?s={search_term_string}"},"query-input":{"@type":"PropertyValueSpecification","valueRequired":true,"valueName":"search_term_string"}}],"inLanguage":"ca"},{"@type":"Organization","@id":"https:\/\/volthree.com\/ca\/#organization","name":"Volthree","url":"https:\/\/volthree.com\/ca\/","logo":{"@type":"ImageObject","inLanguage":"ca","@id":"https:\/\/volthree.com\/ca\/#\/schema\/logo\/image\/","url":"https:\/\/volthree.com\/wp-content\/uploads\/2025\/02\/volthree_logo_black.webp","contentUrl":"https:\/\/volthree.com\/wp-content\/uploads\/2025\/02\/volthree_logo_black.webp","width":571,"height":126,"caption":"Volthree"},"image":{"@id":"https:\/\/volthree.com\/ca\/#\/schema\/logo\/image\/"}}]}},"_links":{"self":[{"href":"https:\/\/volthree.com\/ca\/wp-json\/wp\/v2\/product\/1885","targetHints":{"allow":["GET"]}}],"collection":[{"href":"https:\/\/volthree.com\/ca\/wp-json\/wp\/v2\/product"}],"about":[{"href":"https:\/\/volthree.com\/ca\/wp-json\/wp\/v2\/types\/product"}],"replies":[{"embeddable":true,"href":"https:\/\/volthree.com\/ca\/wp-json\/wp\/v2\/comments?post=1885"}],"wp:featuredmedia":[{"embeddable":true,"href":"https:\/\/volthree.com\/ca\/wp-json\/wp\/v2\/media\/1886"}],"wp:attachment":[{"href":"https:\/\/volthree.com\/ca\/wp-json\/wp\/v2\/media?parent=1885"}],"wp:term":[{"taxonomy":"product_brand","embeddable":true,"href":"https:\/\/volthree.com\/ca\/wp-json\/wp\/v2\/product_brand?post=1885"},{"taxonomy":"product_cat","embeddable":true,"href":"https:\/\/volthree.com\/ca\/wp-json\/wp\/v2\/product_cat?post=1885"},{"taxonomy":"product_tag","embeddable":true,"href":"https:\/\/volthree.com\/ca\/wp-json\/wp\/v2\/product_tag?post=1885"},{"taxonomy":"certificacions-producte","embeddable":true,"href":"https:\/\/volthree.com\/ca\/wp-json\/wp\/v2\/certificacions-producte?post=1885"},{"taxonomy":"material","embeddable":true,"href":"https:\/\/volthree.com\/ca\/wp-json\/wp\/v2\/material?post=1885"}],"curies":[{"name":"wp","href":"https:\/\/api.w.org\/{rel}","templated":true}]}}