{"id":1833,"date":"2025-10-08T13:16:23","date_gmt":"2025-10-08T11:16:23","guid":{"rendered":"https:\/\/volthree.com\/productos\/serie-y-bracos-de-suport\/"},"modified":"2025-12-18T10:13:26","modified_gmt":"2025-12-18T09:13:26","slug":"serie-y-bracos-de-suport","status":"publish","type":"product","link":"https:\/\/volthree.com\/ca\/producto\/serie-y-bracos-de-suport\/","title":{"rendered":"S\u00e8rie Y &#8211; Bra\u00e7os de suport"},"content":{"rendered":"&#13;\n<p><strong>S\u00c8RIE Y<\/strong><\/p>&#13;\n\r\n<ul class=\"wp-block-list\">&#13;\n<li>Realitzats completament amb acer AISI 304L (WNR 1.4307);<\/li>&#13;\n\r\n\r\n&#13;\n<li>Acabat extern setinat i superf\u00edcies llises o penjants sense intersticis;<\/li>&#13;\n\r\n\r\n&#13;\n<li>Per utilitzar en combinaci\u00f3 amb el sistema dels bra\u00e7os de suport, s\u00e8rie \u201cT\u201d, amb les juntes girat\u00f2ries corresponents;<\/li>&#13;\n\r\n\r\n&#13;\n<li>Sistema de bra\u00e7os de suport art. \u201cT\u201d amb di\u00e0metre de 48 mm i 60 mm, equipats amb juntes fixes o girat\u00f2ries; <\/li>&#13;\n\r\n\r\n&#13;\n<li>Preparats amb un sistema de bloqueig de la rotaci\u00f3 de 330\u00b0 per evitar danys en els cables del cablejat.<\/li>&#13;\n<\/ul>\r\n&#13;\n<p><strong>PLUS SOTA COMANDA<\/strong><\/p>&#13;\n&#13;\n<p>El desenvolupament i la forma geom\u00e8trica dels bra\u00e7os estan en funci\u00f3 de les especificacions del client.<\/p>&#13;\n&#13;\n<p><strong>TAULA<\/strong><\/p>&#13;\n\r\n<ul class=\"wp-block-list\">&#13;\n<li>Els models KC403015, KC453515 i KCS403010, KCS453510 estan preparats per a bra\u00e7os de suport amb un di\u00e0metre de 48 mm.<\/li>&#13;\n\r\n\r\n&#13;\n<li>Els models KC504015, KC505015, KC604015, KC605010 i KCS504010, KCS505010, KCS604010, KCS605010 estan preparats per a bra\u00e7os de suport amb un di\u00e0metre de 60 mm.<\/li>&#13;\n<\/ul>\r\n&#13;\n<p>\u00a0<\/p>&#13;\n","protected":false},"excerpt":{"rendered":"<p>&#13; S\u00c8RIE Y &#13; &#13; PLUS SOTA COMANDA &#13; &#13; El desenvolupament i la forma geom\u00e8trica dels bra\u00e7os estan en funci\u00f3 de les especificacions del client. &#13; &#13; TAULA &#13; &#13; \u00a0 &#13;<\/p>\n","protected":false},"featured_media":2507,"comment_status":"closed","ping_status":"closed","template":"","meta":[],"product_brand":[],"product_cat":[116],"product_tag":[],"certificacions-producte":[],"material":[],"class_list":{"0":"post-1833","1":"product","2":"type-product","3":"status-publish","4":"has-post-thumbnail","6":"product_cat-caixes-de-control-i-sistemes-de-suport","8":"first","9":"instock","10":"taxable","11":"shipping-taxable","12":"product-type-simple"},"yoast_head":"<!-- This site is optimized with the Yoast SEO plugin v27.3 - https:\/\/yoast.com\/product\/yoast-seo-wordpress\/ -->\n<title>S\u00e8rie Y - Bra\u00e7os de suport - Volthree<\/title>\n<meta name=\"robots\" content=\"index, follow, max-snippet:-1, max-image-preview:large, max-video-preview:-1\" \/>\n<link rel=\"canonical\" href=\"https:\/\/volthree.com\/ca\/producto\/serie-y-bracos-de-suport\/\" \/>\n<meta property=\"og:locale\" content=\"ca_ES\" \/>\n<meta property=\"og:type\" content=\"article\" \/>\n<meta property=\"og:title\" content=\"S\u00e8rie Y - Bra\u00e7os de suport - Volthree\" \/>\n<meta property=\"og:description\" content=\"&#013; S\u00c8RIE Y &#013; &#013; PLUS SOTA COMANDA &#013; &#013; El desenvolupament i la forma geom\u00e8trica dels bra\u00e7os estan en funci\u00f3 de les especificacions del client. &#013; &#013; TAULA &#013; &#013; \u00a0 &#013;\" \/>\n<meta property=\"og:url\" content=\"https:\/\/volthree.com\/ca\/producto\/serie-y-bracos-de-suport\/\" \/>\n<meta property=\"og:site_name\" content=\"Volthree\" \/>\n<meta property=\"article:modified_time\" content=\"2025-12-18T09:13:26+00:00\" \/>\n<meta property=\"og:image\" content=\"https:\/\/volthree.com\/wp-content\/uploads\/2025\/10\/SERIE-T-\u2013-BRAZOS-PENDIENTES-DE-SOPORTE-600x445-1.jpg\" \/>\n\t<meta property=\"og:image:width\" content=\"600\" \/>\n\t<meta property=\"og:image:height\" content=\"445\" \/>\n\t<meta property=\"og:image:type\" content=\"image\/jpeg\" \/>\n<meta name=\"twitter:card\" content=\"summary_large_image\" \/>\n<meta name=\"twitter:label1\" content=\"Temps estimat de lectura\" \/>\n\t<meta name=\"twitter:data1\" content=\"1 minut\" \/>\n<script type=\"application\/ld+json\" class=\"yoast-schema-graph\">{\"@context\":\"https:\\\/\\\/schema.org\",\"@graph\":[{\"@type\":\"WebPage\",\"@id\":\"https:\\\/\\\/volthree.com\\\/ca\\\/producto\\\/serie-y-bracos-de-suport\\\/\",\"url\":\"https:\\\/\\\/volthree.com\\\/ca\\\/producto\\\/serie-y-bracos-de-suport\\\/\",\"name\":\"S\u00e8rie Y - Bra\u00e7os de suport - Volthree\",\"isPartOf\":{\"@id\":\"https:\\\/\\\/volthree.com\\\/ca\\\/#website\"},\"primaryImageOfPage\":{\"@id\":\"https:\\\/\\\/volthree.com\\\/ca\\\/producto\\\/serie-y-bracos-de-suport\\\/#primaryimage\"},\"image\":{\"@id\":\"https:\\\/\\\/volthree.com\\\/ca\\\/producto\\\/serie-y-bracos-de-suport\\\/#primaryimage\"},\"thumbnailUrl\":\"https:\\\/\\\/volthree.com\\\/wp-content\\\/uploads\\\/2025\\\/10\\\/SERIE-T-\u2013-BRAZOS-PENDIENTES-DE-SOPORTE-600x445-1.jpg\",\"datePublished\":\"2025-10-08T11:16:23+00:00\",\"dateModified\":\"2025-12-18T09:13:26+00:00\",\"breadcrumb\":{\"@id\":\"https:\\\/\\\/volthree.com\\\/ca\\\/producto\\\/serie-y-bracos-de-suport\\\/#breadcrumb\"},\"inLanguage\":\"ca\",\"potentialAction\":[{\"@type\":\"ReadAction\",\"target\":[\"https:\\\/\\\/volthree.com\\\/ca\\\/producto\\\/serie-y-bracos-de-suport\\\/\"]}]},{\"@type\":\"ImageObject\",\"inLanguage\":\"ca\",\"@id\":\"https:\\\/\\\/volthree.com\\\/ca\\\/producto\\\/serie-y-bracos-de-suport\\\/#primaryimage\",\"url\":\"https:\\\/\\\/volthree.com\\\/wp-content\\\/uploads\\\/2025\\\/10\\\/SERIE-T-\u2013-BRAZOS-PENDIENTES-DE-SOPORTE-600x445-1.jpg\",\"contentUrl\":\"https:\\\/\\\/volthree.com\\\/wp-content\\\/uploads\\\/2025\\\/10\\\/SERIE-T-\u2013-BRAZOS-PENDIENTES-DE-SOPORTE-600x445-1.jpg\",\"width\":600,\"height\":445},{\"@type\":\"BreadcrumbList\",\"@id\":\"https:\\\/\\\/volthree.com\\\/ca\\\/producto\\\/serie-y-bracos-de-suport\\\/#breadcrumb\",\"itemListElement\":[{\"@type\":\"ListItem\",\"position\":1,\"name\":\"Portada\",\"item\":\"https:\\\/\\\/volthree.com\\\/ca\\\/inici\\\/\"},{\"@type\":\"ListItem\",\"position\":2,\"name\":\"Botiga\",\"item\":\"https:\\\/\\\/volthree.com\\\/ca\\\/botiga\\\/\"},{\"@type\":\"ListItem\",\"position\":3,\"name\":\"S\u00e8rie Y &#8211; Bra\u00e7os de suport\"}]},{\"@type\":\"WebSite\",\"@id\":\"https:\\\/\\\/volthree.com\\\/ca\\\/#website\",\"url\":\"https:\\\/\\\/volthree.com\\\/ca\\\/\",\"name\":\"Volthree\",\"description\":\"Armarios el\u00e9ctricos en acero inoxidable\",\"publisher\":{\"@id\":\"https:\\\/\\\/volthree.com\\\/ca\\\/#organization\"},\"potentialAction\":[{\"@type\":\"SearchAction\",\"target\":{\"@type\":\"EntryPoint\",\"urlTemplate\":\"https:\\\/\\\/volthree.com\\\/ca\\\/?s={search_term_string}\"},\"query-input\":{\"@type\":\"PropertyValueSpecification\",\"valueRequired\":true,\"valueName\":\"search_term_string\"}}],\"inLanguage\":\"ca\"},{\"@type\":\"Organization\",\"@id\":\"https:\\\/\\\/volthree.com\\\/ca\\\/#organization\",\"name\":\"Volthree\",\"url\":\"https:\\\/\\\/volthree.com\\\/ca\\\/\",\"logo\":{\"@type\":\"ImageObject\",\"inLanguage\":\"ca\",\"@id\":\"https:\\\/\\\/volthree.com\\\/ca\\\/#\\\/schema\\\/logo\\\/image\\\/\",\"url\":\"https:\\\/\\\/volthree.com\\\/wp-content\\\/uploads\\\/2025\\\/02\\\/volthree_logo_black.webp\",\"contentUrl\":\"https:\\\/\\\/volthree.com\\\/wp-content\\\/uploads\\\/2025\\\/02\\\/volthree_logo_black.webp\",\"width\":571,\"height\":126,\"caption\":\"Volthree\"},\"image\":{\"@id\":\"https:\\\/\\\/volthree.com\\\/ca\\\/#\\\/schema\\\/logo\\\/image\\\/\"}}]}<\/script>\n<!-- \/ Yoast SEO plugin. -->","yoast_head_json":{"title":"S\u00e8rie Y - Bra\u00e7os de suport - Volthree","robots":{"index":"index","follow":"follow","max-snippet":"max-snippet:-1","max-image-preview":"max-image-preview:large","max-video-preview":"max-video-preview:-1"},"canonical":"https:\/\/volthree.com\/ca\/producto\/serie-y-bracos-de-suport\/","og_locale":"ca_ES","og_type":"article","og_title":"S\u00e8rie Y - Bra\u00e7os de suport - Volthree","og_description":"&#13; S\u00c8RIE Y &#13; &#13; PLUS SOTA COMANDA &#13; &#13; El desenvolupament i la forma geom\u00e8trica dels bra\u00e7os estan en funci\u00f3 de les especificacions del client. &#13; &#13; TAULA &#13; &#13; \u00a0 &#13;","og_url":"https:\/\/volthree.com\/ca\/producto\/serie-y-bracos-de-suport\/","og_site_name":"Volthree","article_modified_time":"2025-12-18T09:13:26+00:00","og_image":[{"width":600,"height":445,"url":"https:\/\/volthree.com\/wp-content\/uploads\/2025\/10\/SERIE-T-\u2013-BRAZOS-PENDIENTES-DE-SOPORTE-600x445-1.jpg","type":"image\/jpeg"}],"twitter_card":"summary_large_image","twitter_misc":{"Temps estimat de lectura":"1 minut"},"schema":{"@context":"https:\/\/schema.org","@graph":[{"@type":"WebPage","@id":"https:\/\/volthree.com\/ca\/producto\/serie-y-bracos-de-suport\/","url":"https:\/\/volthree.com\/ca\/producto\/serie-y-bracos-de-suport\/","name":"S\u00e8rie Y - Bra\u00e7os de suport - Volthree","isPartOf":{"@id":"https:\/\/volthree.com\/ca\/#website"},"primaryImageOfPage":{"@id":"https:\/\/volthree.com\/ca\/producto\/serie-y-bracos-de-suport\/#primaryimage"},"image":{"@id":"https:\/\/volthree.com\/ca\/producto\/serie-y-bracos-de-suport\/#primaryimage"},"thumbnailUrl":"https:\/\/volthree.com\/wp-content\/uploads\/2025\/10\/SERIE-T-\u2013-BRAZOS-PENDIENTES-DE-SOPORTE-600x445-1.jpg","datePublished":"2025-10-08T11:16:23+00:00","dateModified":"2025-12-18T09:13:26+00:00","breadcrumb":{"@id":"https:\/\/volthree.com\/ca\/producto\/serie-y-bracos-de-suport\/#breadcrumb"},"inLanguage":"ca","potentialAction":[{"@type":"ReadAction","target":["https:\/\/volthree.com\/ca\/producto\/serie-y-bracos-de-suport\/"]}]},{"@type":"ImageObject","inLanguage":"ca","@id":"https:\/\/volthree.com\/ca\/producto\/serie-y-bracos-de-suport\/#primaryimage","url":"https:\/\/volthree.com\/wp-content\/uploads\/2025\/10\/SERIE-T-\u2013-BRAZOS-PENDIENTES-DE-SOPORTE-600x445-1.jpg","contentUrl":"https:\/\/volthree.com\/wp-content\/uploads\/2025\/10\/SERIE-T-\u2013-BRAZOS-PENDIENTES-DE-SOPORTE-600x445-1.jpg","width":600,"height":445},{"@type":"BreadcrumbList","@id":"https:\/\/volthree.com\/ca\/producto\/serie-y-bracos-de-suport\/#breadcrumb","itemListElement":[{"@type":"ListItem","position":1,"name":"Portada","item":"https:\/\/volthree.com\/ca\/inici\/"},{"@type":"ListItem","position":2,"name":"Botiga","item":"https:\/\/volthree.com\/ca\/botiga\/"},{"@type":"ListItem","position":3,"name":"S\u00e8rie Y &#8211; Bra\u00e7os de suport"}]},{"@type":"WebSite","@id":"https:\/\/volthree.com\/ca\/#website","url":"https:\/\/volthree.com\/ca\/","name":"Volthree","description":"Armarios el\u00e9ctricos en acero inoxidable","publisher":{"@id":"https:\/\/volthree.com\/ca\/#organization"},"potentialAction":[{"@type":"SearchAction","target":{"@type":"EntryPoint","urlTemplate":"https:\/\/volthree.com\/ca\/?s={search_term_string}"},"query-input":{"@type":"PropertyValueSpecification","valueRequired":true,"valueName":"search_term_string"}}],"inLanguage":"ca"},{"@type":"Organization","@id":"https:\/\/volthree.com\/ca\/#organization","name":"Volthree","url":"https:\/\/volthree.com\/ca\/","logo":{"@type":"ImageObject","inLanguage":"ca","@id":"https:\/\/volthree.com\/ca\/#\/schema\/logo\/image\/","url":"https:\/\/volthree.com\/wp-content\/uploads\/2025\/02\/volthree_logo_black.webp","contentUrl":"https:\/\/volthree.com\/wp-content\/uploads\/2025\/02\/volthree_logo_black.webp","width":571,"height":126,"caption":"Volthree"},"image":{"@id":"https:\/\/volthree.com\/ca\/#\/schema\/logo\/image\/"}}]}},"_links":{"self":[{"href":"https:\/\/volthree.com\/ca\/wp-json\/wp\/v2\/product\/1833","targetHints":{"allow":["GET"]}}],"collection":[{"href":"https:\/\/volthree.com\/ca\/wp-json\/wp\/v2\/product"}],"about":[{"href":"https:\/\/volthree.com\/ca\/wp-json\/wp\/v2\/types\/product"}],"replies":[{"embeddable":true,"href":"https:\/\/volthree.com\/ca\/wp-json\/wp\/v2\/comments?post=1833"}],"wp:featuredmedia":[{"embeddable":true,"href":"https:\/\/volthree.com\/ca\/wp-json\/wp\/v2\/media\/2507"}],"wp:attachment":[{"href":"https:\/\/volthree.com\/ca\/wp-json\/wp\/v2\/media?parent=1833"}],"wp:term":[{"taxonomy":"product_brand","embeddable":true,"href":"https:\/\/volthree.com\/ca\/wp-json\/wp\/v2\/product_brand?post=1833"},{"taxonomy":"product_cat","embeddable":true,"href":"https:\/\/volthree.com\/ca\/wp-json\/wp\/v2\/product_cat?post=1833"},{"taxonomy":"product_tag","embeddable":true,"href":"https:\/\/volthree.com\/ca\/wp-json\/wp\/v2\/product_tag?post=1833"},{"taxonomy":"certificacions-producte","embeddable":true,"href":"https:\/\/volthree.com\/ca\/wp-json\/wp\/v2\/certificacions-producte?post=1833"},{"taxonomy":"material","embeddable":true,"href":"https:\/\/volthree.com\/ca\/wp-json\/wp\/v2\/material?post=1833"}],"curies":[{"name":"wp","href":"https:\/\/api.w.org\/{rel}","templated":true}]}}