{"id":1830,"date":"2025-10-08T12:47:22","date_gmt":"2025-10-08T10:47:22","guid":{"rendered":"https:\/\/volthree.com\/productos\/serie-srcm-modul-per-a-zona-de-cables-per-a-armari-speed\/"},"modified":"2026-01-09T10:43:20","modified_gmt":"2026-01-09T09:43:20","slug":"serie-srcm-modul-per-a-zona-de-cables-per-a-armari-speed","status":"publish","type":"product","link":"https:\/\/volthree.com\/ca\/producto\/serie-srcm-modul-per-a-zona-de-cables-per-a-armari-speed\/","title":{"rendered":"S\u00e8rie SRCM &#8211; M\u00f2dul per a zona de cables per a armari &#8220;SPEED&#8221;"},"content":{"rendered":"&#13;\n<p><strong>S\u00c8RIE SRCM<\/strong><\/p>&#13;\n\r\n<ul class=\"wp-block-list\">&#13;\n<li>Fabricat en acer inoxidable AISI 304L (Wnr1.4307);<\/li>&#13;\n\r\n\r\n&#13;\n<li>Marc de bigues esp=20\/10 plegades i perforades amb pas DIN 25 mm, que es pot equipar amb panells a tots els costats;<\/li>&#13;\n\r\n\r\n&#13;\n<li>Porta frontal reversible i obrible a m\u00ednim 120\u00b0;<\/li>&#13;\n\r\n\r\n&#13;\n<li>Acabat extern SATINAT FI tipus Scotchbrite mitj\u00e0;<\/li>&#13;\n\r\n\r\n&#13;\n<li>Panell posterior integrat en el marc portant;<\/li>&#13;\n\r\n\r\n&#13;\n<li>Junta d&#8217;estanquitat de poliuret\u00e0 d&#8217;extensi\u00f3 robotitzada en totes les parts obribles i extra\u00efbles.<\/li>&#13;\n<\/ul>\r\n&#13;\n<p><strong>PLUS SOTA COMANDA<\/strong><\/p>&#13;\n&#13;\n<p><strong>Material<\/strong>: AISI 316L (Wnr 1.4404).<br\/><strong>Perforaci\u00f3<\/strong>: segons el dibuix a la porta, la part superior i els costats.<br\/><strong>Dimensions<\/strong>: especials.<br\/><strong>Segells<\/strong>: de silicona.<\/p>&#13;\n","protected":false},"excerpt":{"rendered":"<p>&#13; S\u00c8RIE SRCM &#13; &#13; PLUS SOTA COMANDA &#13; &#13; Material: AISI 316L (Wnr 1.4404).Perforaci\u00f3: segons el dibuix a la porta, la part superior i els costats.Dimensions: especials.Segells: de silicona. &#13;<\/p>\n","protected":false},"featured_media":1832,"comment_status":"closed","ping_status":"closed","template":"","meta":[],"product_brand":[],"product_cat":[108],"product_tag":[],"certificacions-producte":[84,82,78,80],"material":[],"class_list":{"0":"post-1830","1":"product","2":"type-product","3":"status-publish","4":"has-post-thumbnail","6":"product_cat-armaris-modulars","7":"certificacions-producte-atex","8":"certificacions-producte-culus","9":"certificacions-producte-iecex","10":"certificacions-producte-tuv","12":"first","13":"instock","14":"taxable","15":"shipping-taxable","16":"product-type-simple"},"yoast_head":"<!-- This site is optimized with the Yoast SEO plugin v27.3 - https:\/\/yoast.com\/product\/yoast-seo-wordpress\/ -->\n<title>S\u00e8rie SRCM - M\u00f2dul per a zona de cables per a armari &quot;SPEED&quot; - Volthree<\/title>\n<meta name=\"robots\" content=\"index, follow, max-snippet:-1, max-image-preview:large, max-video-preview:-1\" \/>\n<link rel=\"canonical\" href=\"https:\/\/volthree.com\/ca\/producto\/serie-srcm-modul-per-a-zona-de-cables-per-a-armari-speed\/\" \/>\n<meta property=\"og:locale\" content=\"ca_ES\" \/>\n<meta property=\"og:type\" content=\"article\" \/>\n<meta property=\"og:title\" content=\"S\u00e8rie SRCM - M\u00f2dul per a zona de cables per a armari &quot;SPEED&quot; - Volthree\" \/>\n<meta property=\"og:description\" content=\"&#013; S\u00c8RIE SRCM &#013; &#013; PLUS SOTA COMANDA &#013; &#013; Material: AISI 316L (Wnr 1.4404).Perforaci\u00f3: segons el dibuix a la porta, la part superior i els costats.Dimensions: especials.Segells: de silicona. &#013;\" \/>\n<meta property=\"og:url\" content=\"https:\/\/volthree.com\/ca\/producto\/serie-srcm-modul-per-a-zona-de-cables-per-a-armari-speed\/\" \/>\n<meta property=\"og:site_name\" content=\"Volthree\" \/>\n<meta property=\"article:modified_time\" content=\"2026-01-09T09:43:20+00:00\" \/>\n<meta property=\"og:image\" content=\"https:\/\/volthree.com\/wp-content\/uploads\/2025\/10\/MODULO-PARA-ZONA-DE-CABLES-PUERTA-FRONTALE-abierta-SERIE-SRCM.jpg\" \/>\n\t<meta property=\"og:image:width\" content=\"429\" \/>\n\t<meta property=\"og:image:height\" content=\"800\" \/>\n\t<meta property=\"og:image:type\" content=\"image\/jpeg\" \/>\n<meta name=\"twitter:card\" content=\"summary_large_image\" \/>\n<script type=\"application\/ld+json\" class=\"yoast-schema-graph\">{\"@context\":\"https:\\\/\\\/schema.org\",\"@graph\":[{\"@type\":\"WebPage\",\"@id\":\"https:\\\/\\\/volthree.com\\\/ca\\\/producto\\\/serie-srcm-modul-per-a-zona-de-cables-per-a-armari-speed\\\/\",\"url\":\"https:\\\/\\\/volthree.com\\\/ca\\\/producto\\\/serie-srcm-modul-per-a-zona-de-cables-per-a-armari-speed\\\/\",\"name\":\"S\u00e8rie SRCM - M\u00f2dul per a zona de cables per a armari \\\"SPEED\\\" - Volthree\",\"isPartOf\":{\"@id\":\"https:\\\/\\\/volthree.com\\\/ca\\\/#website\"},\"primaryImageOfPage\":{\"@id\":\"https:\\\/\\\/volthree.com\\\/ca\\\/producto\\\/serie-srcm-modul-per-a-zona-de-cables-per-a-armari-speed\\\/#primaryimage\"},\"image\":{\"@id\":\"https:\\\/\\\/volthree.com\\\/ca\\\/producto\\\/serie-srcm-modul-per-a-zona-de-cables-per-a-armari-speed\\\/#primaryimage\"},\"thumbnailUrl\":\"https:\\\/\\\/volthree.com\\\/wp-content\\\/uploads\\\/2025\\\/10\\\/MODULO-PARA-ZONA-DE-CABLES-PUERTA-FRONTALE-abierta-SERIE-SRCM.jpg\",\"datePublished\":\"2025-10-08T10:47:22+00:00\",\"dateModified\":\"2026-01-09T09:43:20+00:00\",\"breadcrumb\":{\"@id\":\"https:\\\/\\\/volthree.com\\\/ca\\\/producto\\\/serie-srcm-modul-per-a-zona-de-cables-per-a-armari-speed\\\/#breadcrumb\"},\"inLanguage\":\"ca\",\"potentialAction\":[{\"@type\":\"ReadAction\",\"target\":[\"https:\\\/\\\/volthree.com\\\/ca\\\/producto\\\/serie-srcm-modul-per-a-zona-de-cables-per-a-armari-speed\\\/\"]}]},{\"@type\":\"ImageObject\",\"inLanguage\":\"ca\",\"@id\":\"https:\\\/\\\/volthree.com\\\/ca\\\/producto\\\/serie-srcm-modul-per-a-zona-de-cables-per-a-armari-speed\\\/#primaryimage\",\"url\":\"https:\\\/\\\/volthree.com\\\/wp-content\\\/uploads\\\/2025\\\/10\\\/MODULO-PARA-ZONA-DE-CABLES-PUERTA-FRONTALE-abierta-SERIE-SRCM.jpg\",\"contentUrl\":\"https:\\\/\\\/volthree.com\\\/wp-content\\\/uploads\\\/2025\\\/10\\\/MODULO-PARA-ZONA-DE-CABLES-PUERTA-FRONTALE-abierta-SERIE-SRCM.jpg\",\"width\":429,\"height\":800},{\"@type\":\"BreadcrumbList\",\"@id\":\"https:\\\/\\\/volthree.com\\\/ca\\\/producto\\\/serie-srcm-modul-per-a-zona-de-cables-per-a-armari-speed\\\/#breadcrumb\",\"itemListElement\":[{\"@type\":\"ListItem\",\"position\":1,\"name\":\"Portada\",\"item\":\"https:\\\/\\\/volthree.com\\\/ca\\\/inici\\\/\"},{\"@type\":\"ListItem\",\"position\":2,\"name\":\"Botiga\",\"item\":\"https:\\\/\\\/volthree.com\\\/ca\\\/botiga\\\/\"},{\"@type\":\"ListItem\",\"position\":3,\"name\":\"S\u00e8rie SRCM &#8211; M\u00f2dul per a zona de cables per a armari \u00abSPEED\u00bb\"}]},{\"@type\":\"WebSite\",\"@id\":\"https:\\\/\\\/volthree.com\\\/ca\\\/#website\",\"url\":\"https:\\\/\\\/volthree.com\\\/ca\\\/\",\"name\":\"Volthree\",\"description\":\"Armarios el\u00e9ctricos en acero inoxidable\",\"publisher\":{\"@id\":\"https:\\\/\\\/volthree.com\\\/ca\\\/#organization\"},\"potentialAction\":[{\"@type\":\"SearchAction\",\"target\":{\"@type\":\"EntryPoint\",\"urlTemplate\":\"https:\\\/\\\/volthree.com\\\/ca\\\/?s={search_term_string}\"},\"query-input\":{\"@type\":\"PropertyValueSpecification\",\"valueRequired\":true,\"valueName\":\"search_term_string\"}}],\"inLanguage\":\"ca\"},{\"@type\":\"Organization\",\"@id\":\"https:\\\/\\\/volthree.com\\\/ca\\\/#organization\",\"name\":\"Volthree\",\"url\":\"https:\\\/\\\/volthree.com\\\/ca\\\/\",\"logo\":{\"@type\":\"ImageObject\",\"inLanguage\":\"ca\",\"@id\":\"https:\\\/\\\/volthree.com\\\/ca\\\/#\\\/schema\\\/logo\\\/image\\\/\",\"url\":\"https:\\\/\\\/volthree.com\\\/wp-content\\\/uploads\\\/2025\\\/02\\\/volthree_logo_black.webp\",\"contentUrl\":\"https:\\\/\\\/volthree.com\\\/wp-content\\\/uploads\\\/2025\\\/02\\\/volthree_logo_black.webp\",\"width\":571,\"height\":126,\"caption\":\"Volthree\"},\"image\":{\"@id\":\"https:\\\/\\\/volthree.com\\\/ca\\\/#\\\/schema\\\/logo\\\/image\\\/\"}}]}<\/script>\n<!-- \/ Yoast SEO plugin. -->","yoast_head_json":{"title":"S\u00e8rie SRCM - M\u00f2dul per a zona de cables per a armari \"SPEED\" - Volthree","robots":{"index":"index","follow":"follow","max-snippet":"max-snippet:-1","max-image-preview":"max-image-preview:large","max-video-preview":"max-video-preview:-1"},"canonical":"https:\/\/volthree.com\/ca\/producto\/serie-srcm-modul-per-a-zona-de-cables-per-a-armari-speed\/","og_locale":"ca_ES","og_type":"article","og_title":"S\u00e8rie SRCM - M\u00f2dul per a zona de cables per a armari \"SPEED\" - Volthree","og_description":"&#13; S\u00c8RIE SRCM &#13; &#13; PLUS SOTA COMANDA &#13; &#13; Material: AISI 316L (Wnr 1.4404).Perforaci\u00f3: segons el dibuix a la porta, la part superior i els costats.Dimensions: especials.Segells: de silicona. &#13;","og_url":"https:\/\/volthree.com\/ca\/producto\/serie-srcm-modul-per-a-zona-de-cables-per-a-armari-speed\/","og_site_name":"Volthree","article_modified_time":"2026-01-09T09:43:20+00:00","og_image":[{"width":429,"height":800,"url":"https:\/\/volthree.com\/wp-content\/uploads\/2025\/10\/MODULO-PARA-ZONA-DE-CABLES-PUERTA-FRONTALE-abierta-SERIE-SRCM.jpg","type":"image\/jpeg"}],"twitter_card":"summary_large_image","schema":{"@context":"https:\/\/schema.org","@graph":[{"@type":"WebPage","@id":"https:\/\/volthree.com\/ca\/producto\/serie-srcm-modul-per-a-zona-de-cables-per-a-armari-speed\/","url":"https:\/\/volthree.com\/ca\/producto\/serie-srcm-modul-per-a-zona-de-cables-per-a-armari-speed\/","name":"S\u00e8rie SRCM - M\u00f2dul per a zona de cables per a armari \"SPEED\" - Volthree","isPartOf":{"@id":"https:\/\/volthree.com\/ca\/#website"},"primaryImageOfPage":{"@id":"https:\/\/volthree.com\/ca\/producto\/serie-srcm-modul-per-a-zona-de-cables-per-a-armari-speed\/#primaryimage"},"image":{"@id":"https:\/\/volthree.com\/ca\/producto\/serie-srcm-modul-per-a-zona-de-cables-per-a-armari-speed\/#primaryimage"},"thumbnailUrl":"https:\/\/volthree.com\/wp-content\/uploads\/2025\/10\/MODULO-PARA-ZONA-DE-CABLES-PUERTA-FRONTALE-abierta-SERIE-SRCM.jpg","datePublished":"2025-10-08T10:47:22+00:00","dateModified":"2026-01-09T09:43:20+00:00","breadcrumb":{"@id":"https:\/\/volthree.com\/ca\/producto\/serie-srcm-modul-per-a-zona-de-cables-per-a-armari-speed\/#breadcrumb"},"inLanguage":"ca","potentialAction":[{"@type":"ReadAction","target":["https:\/\/volthree.com\/ca\/producto\/serie-srcm-modul-per-a-zona-de-cables-per-a-armari-speed\/"]}]},{"@type":"ImageObject","inLanguage":"ca","@id":"https:\/\/volthree.com\/ca\/producto\/serie-srcm-modul-per-a-zona-de-cables-per-a-armari-speed\/#primaryimage","url":"https:\/\/volthree.com\/wp-content\/uploads\/2025\/10\/MODULO-PARA-ZONA-DE-CABLES-PUERTA-FRONTALE-abierta-SERIE-SRCM.jpg","contentUrl":"https:\/\/volthree.com\/wp-content\/uploads\/2025\/10\/MODULO-PARA-ZONA-DE-CABLES-PUERTA-FRONTALE-abierta-SERIE-SRCM.jpg","width":429,"height":800},{"@type":"BreadcrumbList","@id":"https:\/\/volthree.com\/ca\/producto\/serie-srcm-modul-per-a-zona-de-cables-per-a-armari-speed\/#breadcrumb","itemListElement":[{"@type":"ListItem","position":1,"name":"Portada","item":"https:\/\/volthree.com\/ca\/inici\/"},{"@type":"ListItem","position":2,"name":"Botiga","item":"https:\/\/volthree.com\/ca\/botiga\/"},{"@type":"ListItem","position":3,"name":"S\u00e8rie SRCM &#8211; M\u00f2dul per a zona de cables per a armari \u00abSPEED\u00bb"}]},{"@type":"WebSite","@id":"https:\/\/volthree.com\/ca\/#website","url":"https:\/\/volthree.com\/ca\/","name":"Volthree","description":"Armarios el\u00e9ctricos en acero inoxidable","publisher":{"@id":"https:\/\/volthree.com\/ca\/#organization"},"potentialAction":[{"@type":"SearchAction","target":{"@type":"EntryPoint","urlTemplate":"https:\/\/volthree.com\/ca\/?s={search_term_string}"},"query-input":{"@type":"PropertyValueSpecification","valueRequired":true,"valueName":"search_term_string"}}],"inLanguage":"ca"},{"@type":"Organization","@id":"https:\/\/volthree.com\/ca\/#organization","name":"Volthree","url":"https:\/\/volthree.com\/ca\/","logo":{"@type":"ImageObject","inLanguage":"ca","@id":"https:\/\/volthree.com\/ca\/#\/schema\/logo\/image\/","url":"https:\/\/volthree.com\/wp-content\/uploads\/2025\/02\/volthree_logo_black.webp","contentUrl":"https:\/\/volthree.com\/wp-content\/uploads\/2025\/02\/volthree_logo_black.webp","width":571,"height":126,"caption":"Volthree"},"image":{"@id":"https:\/\/volthree.com\/ca\/#\/schema\/logo\/image\/"}}]}},"_links":{"self":[{"href":"https:\/\/volthree.com\/ca\/wp-json\/wp\/v2\/product\/1830","targetHints":{"allow":["GET"]}}],"collection":[{"href":"https:\/\/volthree.com\/ca\/wp-json\/wp\/v2\/product"}],"about":[{"href":"https:\/\/volthree.com\/ca\/wp-json\/wp\/v2\/types\/product"}],"replies":[{"embeddable":true,"href":"https:\/\/volthree.com\/ca\/wp-json\/wp\/v2\/comments?post=1830"}],"wp:featuredmedia":[{"embeddable":true,"href":"https:\/\/volthree.com\/ca\/wp-json\/wp\/v2\/media\/1832"}],"wp:attachment":[{"href":"https:\/\/volthree.com\/ca\/wp-json\/wp\/v2\/media?parent=1830"}],"wp:term":[{"taxonomy":"product_brand","embeddable":true,"href":"https:\/\/volthree.com\/ca\/wp-json\/wp\/v2\/product_brand?post=1830"},{"taxonomy":"product_cat","embeddable":true,"href":"https:\/\/volthree.com\/ca\/wp-json\/wp\/v2\/product_cat?post=1830"},{"taxonomy":"product_tag","embeddable":true,"href":"https:\/\/volthree.com\/ca\/wp-json\/wp\/v2\/product_tag?post=1830"},{"taxonomy":"certificacions-producte","embeddable":true,"href":"https:\/\/volthree.com\/ca\/wp-json\/wp\/v2\/certificacions-producte?post=1830"},{"taxonomy":"material","embeddable":true,"href":"https:\/\/volthree.com\/ca\/wp-json\/wp\/v2\/material?post=1830"}],"curies":[{"name":"wp","href":"https:\/\/api.w.org\/{rel}","templated":true}]}}