{"id":1824,"date":"2025-10-08T13:31:51","date_gmt":"2025-10-08T11:31:51","guid":{"rendered":"https:\/\/volthree.com\/productos\/serie-cdn-caixes-hermetiques\/"},"modified":"2026-01-09T10:36:30","modified_gmt":"2026-01-09T09:36:30","slug":"serie-cdn-caixes-hermetiques","status":"publish","type":"product","link":"https:\/\/volthree.com\/ca\/producto\/serie-cdn-caixes-hermetiques\/","title":{"rendered":"S\u00e8rie CDN &#8211; Caixes herm\u00e8tiques"},"content":{"rendered":"&#13;\n<p><strong>S\u00c8RIE CDN<\/strong><\/p>&#13;\n\r\n<ul class=\"wp-block-list\">&#13;\n<li>Caixes estanques realitzades amb acer AISI 304L (Wnr 1.4307).<\/li>&#13;\n\r\n\r\n&#13;\n<li>Acabat extern SETINAT FI tipus Scotch-brite mitj\u00e0<\/li>&#13;\n\r\n\r\n&#13;\n<li>La porta es pot obrir fins a un m\u00e0xim de 120\u00b0 amb frontisses internes d&#8217;acer inoxidable, vores soldades i acabades, blocatge amb cargols imperdibles amb impressi\u00f3 de tall.<\/li>&#13;\n\r\n\r\n&#13;\n<li>Junta d&#8217;estanquitat de poliuret\u00e0 aplicada per sistema robotitzat<\/li>&#13;\n\r\n\r\n&#13;\n<li>Predisposici\u00f3 al costat posterior del cos per a la fixaci\u00f3 a paret amb forats roscats M6 cecs<\/li>&#13;\n\r\n\r\n&#13;\n<li>placa de muntatge per sol\u00b7licitar per separat<\/li>&#13;\n<\/ul>\r\n&#13;\n<p><strong>PLUS SOTA COMANDA<\/strong><\/p>&#13;\n\r\n<ul class=\"wp-block-list\">&#13;\n<li>Orifici segons disseny al cos i porta.<\/li>&#13;\n\r\n\r\n&#13;\n<li>Juntes de silicona resistents a temperatures variables entre els -50\u00b0C i els +180\u00b0C.<\/li>&#13;\n\r\n\r\n&#13;\n<li>Realitzacions amb acer AISI 316L o altres acers especials.<\/li>&#13;\n\r\n\r\n&#13;\n<li>Dimensions especials.<\/li>&#13;\n\r\n\r\n&#13;\n<li>Accessoris gen\u00e8rics i espec\u00edfics.<\/li>&#13;\n<\/ul>\r\n&#13;\n<h4 id=\"toggle_79779b82576f7bbce\" class=\"wp-block-heading\">\u00a0<\/h4>&#13;\n","protected":false},"excerpt":{"rendered":"<p>&#13; S\u00c8RIE CDN &#13; &#13; PLUS SOTA COMANDA &#13; &#13; \u00a0 &#13;<\/p>\n","protected":false},"featured_media":1827,"comment_status":"closed","ping_status":"closed","template":"","meta":[],"product_brand":[],"product_cat":[130],"product_tag":[],"certificacions-producte":[],"material":[],"class_list":{"0":"post-1824","1":"product","2":"type-product","3":"status-publish","4":"has-post-thumbnail","6":"product_cat-caixes-de-petites-dimensions","8":"first","9":"instock","10":"taxable","11":"shipping-taxable","12":"product-type-variable"},"yoast_head":"<!-- This site is optimized with the Yoast SEO plugin v27.3 - https:\/\/yoast.com\/product\/yoast-seo-wordpress\/ -->\n<title>S\u00e8rie CDN - Caixes herm\u00e8tiques - Volthree<\/title>\n<meta name=\"robots\" content=\"index, follow, max-snippet:-1, max-image-preview:large, max-video-preview:-1\" \/>\n<link rel=\"canonical\" href=\"https:\/\/volthree.com\/ca\/producto\/serie-cdn-caixes-hermetiques\/\" \/>\n<meta property=\"og:locale\" content=\"ca_ES\" \/>\n<meta property=\"og:type\" content=\"article\" \/>\n<meta property=\"og:title\" content=\"S\u00e8rie CDN - Caixes herm\u00e8tiques - Volthree\" \/>\n<meta property=\"og:description\" content=\"&#013; S\u00c8RIE CDN &#013; &#013; PLUS SOTA COMANDA &#013; &#013; \u00a0 &#013;\" \/>\n<meta property=\"og:url\" content=\"https:\/\/volthree.com\/ca\/producto\/serie-cdn-caixes-hermetiques\/\" \/>\n<meta property=\"og:site_name\" content=\"Volthree\" \/>\n<meta property=\"article:modified_time\" content=\"2026-01-09T09:36:30+00:00\" \/>\n<meta property=\"og:image\" content=\"https:\/\/volthree.com\/wp-content\/uploads\/2025\/10\/cdnok-600x626-2.jpg\" \/>\n\t<meta property=\"og:image:width\" content=\"600\" \/>\n\t<meta property=\"og:image:height\" content=\"626\" \/>\n\t<meta property=\"og:image:type\" content=\"image\/jpeg\" \/>\n<meta name=\"twitter:card\" content=\"summary_large_image\" \/>\n<meta name=\"twitter:label1\" content=\"Temps estimat de lectura\" \/>\n\t<meta name=\"twitter:data1\" content=\"1 minut\" \/>\n<script type=\"application\/ld+json\" class=\"yoast-schema-graph\">{\"@context\":\"https:\\\/\\\/schema.org\",\"@graph\":[{\"@type\":\"WebPage\",\"@id\":\"https:\\\/\\\/volthree.com\\\/ca\\\/producto\\\/serie-cdn-caixes-hermetiques\\\/\",\"url\":\"https:\\\/\\\/volthree.com\\\/ca\\\/producto\\\/serie-cdn-caixes-hermetiques\\\/\",\"name\":\"S\u00e8rie CDN - Caixes herm\u00e8tiques - Volthree\",\"isPartOf\":{\"@id\":\"https:\\\/\\\/volthree.com\\\/ca\\\/#website\"},\"primaryImageOfPage\":{\"@id\":\"https:\\\/\\\/volthree.com\\\/ca\\\/producto\\\/serie-cdn-caixes-hermetiques\\\/#primaryimage\"},\"image\":{\"@id\":\"https:\\\/\\\/volthree.com\\\/ca\\\/producto\\\/serie-cdn-caixes-hermetiques\\\/#primaryimage\"},\"thumbnailUrl\":\"https:\\\/\\\/volthree.com\\\/wp-content\\\/uploads\\\/2025\\\/10\\\/cdnok-600x626-2.jpg\",\"datePublished\":\"2025-10-08T11:31:51+00:00\",\"dateModified\":\"2026-01-09T09:36:30+00:00\",\"breadcrumb\":{\"@id\":\"https:\\\/\\\/volthree.com\\\/ca\\\/producto\\\/serie-cdn-caixes-hermetiques\\\/#breadcrumb\"},\"inLanguage\":\"ca\",\"potentialAction\":[{\"@type\":\"ReadAction\",\"target\":[\"https:\\\/\\\/volthree.com\\\/ca\\\/producto\\\/serie-cdn-caixes-hermetiques\\\/\"]}]},{\"@type\":\"ImageObject\",\"inLanguage\":\"ca\",\"@id\":\"https:\\\/\\\/volthree.com\\\/ca\\\/producto\\\/serie-cdn-caixes-hermetiques\\\/#primaryimage\",\"url\":\"https:\\\/\\\/volthree.com\\\/wp-content\\\/uploads\\\/2025\\\/10\\\/cdnok-600x626-2.jpg\",\"contentUrl\":\"https:\\\/\\\/volthree.com\\\/wp-content\\\/uploads\\\/2025\\\/10\\\/cdnok-600x626-2.jpg\",\"width\":600,\"height\":626},{\"@type\":\"BreadcrumbList\",\"@id\":\"https:\\\/\\\/volthree.com\\\/ca\\\/producto\\\/serie-cdn-caixes-hermetiques\\\/#breadcrumb\",\"itemListElement\":[{\"@type\":\"ListItem\",\"position\":1,\"name\":\"Portada\",\"item\":\"https:\\\/\\\/volthree.com\\\/ca\\\/inici\\\/\"},{\"@type\":\"ListItem\",\"position\":2,\"name\":\"Botiga\",\"item\":\"https:\\\/\\\/volthree.com\\\/ca\\\/botiga\\\/\"},{\"@type\":\"ListItem\",\"position\":3,\"name\":\"S\u00e8rie CDN &#8211; Caixes herm\u00e8tiques\"}]},{\"@type\":\"WebSite\",\"@id\":\"https:\\\/\\\/volthree.com\\\/ca\\\/#website\",\"url\":\"https:\\\/\\\/volthree.com\\\/ca\\\/\",\"name\":\"Volthree\",\"description\":\"Armarios el\u00e9ctricos en acero inoxidable\",\"publisher\":{\"@id\":\"https:\\\/\\\/volthree.com\\\/ca\\\/#organization\"},\"potentialAction\":[{\"@type\":\"SearchAction\",\"target\":{\"@type\":\"EntryPoint\",\"urlTemplate\":\"https:\\\/\\\/volthree.com\\\/ca\\\/?s={search_term_string}\"},\"query-input\":{\"@type\":\"PropertyValueSpecification\",\"valueRequired\":true,\"valueName\":\"search_term_string\"}}],\"inLanguage\":\"ca\"},{\"@type\":\"Organization\",\"@id\":\"https:\\\/\\\/volthree.com\\\/ca\\\/#organization\",\"name\":\"Volthree\",\"url\":\"https:\\\/\\\/volthree.com\\\/ca\\\/\",\"logo\":{\"@type\":\"ImageObject\",\"inLanguage\":\"ca\",\"@id\":\"https:\\\/\\\/volthree.com\\\/ca\\\/#\\\/schema\\\/logo\\\/image\\\/\",\"url\":\"https:\\\/\\\/volthree.com\\\/wp-content\\\/uploads\\\/2025\\\/02\\\/volthree_logo_black.webp\",\"contentUrl\":\"https:\\\/\\\/volthree.com\\\/wp-content\\\/uploads\\\/2025\\\/02\\\/volthree_logo_black.webp\",\"width\":571,\"height\":126,\"caption\":\"Volthree\"},\"image\":{\"@id\":\"https:\\\/\\\/volthree.com\\\/ca\\\/#\\\/schema\\\/logo\\\/image\\\/\"}}]}<\/script>\n<!-- \/ Yoast SEO plugin. -->","yoast_head_json":{"title":"S\u00e8rie CDN - Caixes herm\u00e8tiques - Volthree","robots":{"index":"index","follow":"follow","max-snippet":"max-snippet:-1","max-image-preview":"max-image-preview:large","max-video-preview":"max-video-preview:-1"},"canonical":"https:\/\/volthree.com\/ca\/producto\/serie-cdn-caixes-hermetiques\/","og_locale":"ca_ES","og_type":"article","og_title":"S\u00e8rie CDN - Caixes herm\u00e8tiques - Volthree","og_description":"&#13; S\u00c8RIE CDN &#13; &#13; PLUS SOTA COMANDA &#13; &#13; \u00a0 &#13;","og_url":"https:\/\/volthree.com\/ca\/producto\/serie-cdn-caixes-hermetiques\/","og_site_name":"Volthree","article_modified_time":"2026-01-09T09:36:30+00:00","og_image":[{"width":600,"height":626,"url":"https:\/\/volthree.com\/wp-content\/uploads\/2025\/10\/cdnok-600x626-2.jpg","type":"image\/jpeg"}],"twitter_card":"summary_large_image","twitter_misc":{"Temps estimat de lectura":"1 minut"},"schema":{"@context":"https:\/\/schema.org","@graph":[{"@type":"WebPage","@id":"https:\/\/volthree.com\/ca\/producto\/serie-cdn-caixes-hermetiques\/","url":"https:\/\/volthree.com\/ca\/producto\/serie-cdn-caixes-hermetiques\/","name":"S\u00e8rie CDN - Caixes herm\u00e8tiques - Volthree","isPartOf":{"@id":"https:\/\/volthree.com\/ca\/#website"},"primaryImageOfPage":{"@id":"https:\/\/volthree.com\/ca\/producto\/serie-cdn-caixes-hermetiques\/#primaryimage"},"image":{"@id":"https:\/\/volthree.com\/ca\/producto\/serie-cdn-caixes-hermetiques\/#primaryimage"},"thumbnailUrl":"https:\/\/volthree.com\/wp-content\/uploads\/2025\/10\/cdnok-600x626-2.jpg","datePublished":"2025-10-08T11:31:51+00:00","dateModified":"2026-01-09T09:36:30+00:00","breadcrumb":{"@id":"https:\/\/volthree.com\/ca\/producto\/serie-cdn-caixes-hermetiques\/#breadcrumb"},"inLanguage":"ca","potentialAction":[{"@type":"ReadAction","target":["https:\/\/volthree.com\/ca\/producto\/serie-cdn-caixes-hermetiques\/"]}]},{"@type":"ImageObject","inLanguage":"ca","@id":"https:\/\/volthree.com\/ca\/producto\/serie-cdn-caixes-hermetiques\/#primaryimage","url":"https:\/\/volthree.com\/wp-content\/uploads\/2025\/10\/cdnok-600x626-2.jpg","contentUrl":"https:\/\/volthree.com\/wp-content\/uploads\/2025\/10\/cdnok-600x626-2.jpg","width":600,"height":626},{"@type":"BreadcrumbList","@id":"https:\/\/volthree.com\/ca\/producto\/serie-cdn-caixes-hermetiques\/#breadcrumb","itemListElement":[{"@type":"ListItem","position":1,"name":"Portada","item":"https:\/\/volthree.com\/ca\/inici\/"},{"@type":"ListItem","position":2,"name":"Botiga","item":"https:\/\/volthree.com\/ca\/botiga\/"},{"@type":"ListItem","position":3,"name":"S\u00e8rie CDN &#8211; Caixes herm\u00e8tiques"}]},{"@type":"WebSite","@id":"https:\/\/volthree.com\/ca\/#website","url":"https:\/\/volthree.com\/ca\/","name":"Volthree","description":"Armarios el\u00e9ctricos en acero inoxidable","publisher":{"@id":"https:\/\/volthree.com\/ca\/#organization"},"potentialAction":[{"@type":"SearchAction","target":{"@type":"EntryPoint","urlTemplate":"https:\/\/volthree.com\/ca\/?s={search_term_string}"},"query-input":{"@type":"PropertyValueSpecification","valueRequired":true,"valueName":"search_term_string"}}],"inLanguage":"ca"},{"@type":"Organization","@id":"https:\/\/volthree.com\/ca\/#organization","name":"Volthree","url":"https:\/\/volthree.com\/ca\/","logo":{"@type":"ImageObject","inLanguage":"ca","@id":"https:\/\/volthree.com\/ca\/#\/schema\/logo\/image\/","url":"https:\/\/volthree.com\/wp-content\/uploads\/2025\/02\/volthree_logo_black.webp","contentUrl":"https:\/\/volthree.com\/wp-content\/uploads\/2025\/02\/volthree_logo_black.webp","width":571,"height":126,"caption":"Volthree"},"image":{"@id":"https:\/\/volthree.com\/ca\/#\/schema\/logo\/image\/"}}]}},"_links":{"self":[{"href":"https:\/\/volthree.com\/ca\/wp-json\/wp\/v2\/product\/1824","targetHints":{"allow":["GET"]}}],"collection":[{"href":"https:\/\/volthree.com\/ca\/wp-json\/wp\/v2\/product"}],"about":[{"href":"https:\/\/volthree.com\/ca\/wp-json\/wp\/v2\/types\/product"}],"replies":[{"embeddable":true,"href":"https:\/\/volthree.com\/ca\/wp-json\/wp\/v2\/comments?post=1824"}],"wp:featuredmedia":[{"embeddable":true,"href":"https:\/\/volthree.com\/ca\/wp-json\/wp\/v2\/media\/1827"}],"wp:attachment":[{"href":"https:\/\/volthree.com\/ca\/wp-json\/wp\/v2\/media?parent=1824"}],"wp:term":[{"taxonomy":"product_brand","embeddable":true,"href":"https:\/\/volthree.com\/ca\/wp-json\/wp\/v2\/product_brand?post=1824"},{"taxonomy":"product_cat","embeddable":true,"href":"https:\/\/volthree.com\/ca\/wp-json\/wp\/v2\/product_cat?post=1824"},{"taxonomy":"product_tag","embeddable":true,"href":"https:\/\/volthree.com\/ca\/wp-json\/wp\/v2\/product_tag?post=1824"},{"taxonomy":"certificacions-producte","embeddable":true,"href":"https:\/\/volthree.com\/ca\/wp-json\/wp\/v2\/certificacions-producte?post=1824"},{"taxonomy":"material","embeddable":true,"href":"https:\/\/volthree.com\/ca\/wp-json\/wp\/v2\/material?post=1824"}],"curies":[{"name":"wp","href":"https:\/\/api.w.org\/{rel}","templated":true}]}}