{"id":1666,"date":"2025-10-08T15:15:21","date_gmt":"2025-10-08T13:15:21","guid":{"rendered":"https:\/\/volthree.com\/productos\/serie-chd-caixes-i-armaris-murals-higienics-estancs\/"},"modified":"2026-01-09T10:22:03","modified_gmt":"2026-01-09T09:22:03","slug":"serie-chd-caixes-i-armaris-murals-higienics-estancs","status":"publish","type":"product","link":"https:\/\/volthree.com\/ca\/producto\/serie-chd-caixes-i-armaris-murals-higienics-estancs\/","title":{"rendered":"S\u00e8rie CHD &#8211; Caixes i armaris murals higi\u00e8nics estancs"},"content":{"rendered":"&#13;\n<p><strong>S\u00c8RIE CHD<\/strong><\/p>&#13;\n\r\n<ul class=\"wp-block-list\">&#13;\n<li>En <strong>acer inoxidable AISI 304L<\/strong> (Wnr 1.4307).<\/li>&#13;\n\r\n\r\n&#13;\n<li>Sostre integrat en el cos de la caixa i inclinat cap endavant a 30\u00b0.<\/li>&#13;\n\r\n\r\n&#13;\n<li><strong>Acabat superficial<\/strong> amb molt baixa rugositat RA &lt; 0,3 micres.<\/li>&#13;\n\r\n\r\n&#13;\n<li>Sense <strong>inserts\/forats<\/strong><\/li>&#13;\n\r\n\r\n&#13;\n<li>Frontisses interiors de 120\u00b0 al costat esquerre (reversibles sota comanda).<\/li>&#13;\n\r\n\r\n&#13;\n<li>Junta d&#8217;estanquitat de poliuret\u00e0 aplicada per sistema robotitzat;<\/li>&#13;\n\r\n\r\n&#13;\n<li>Panys higi\u00e8nics (1 o 2 en funci\u00f3 de les dimensions);<\/li>&#13;\n\r\n\r\n&#13;\n<li>Placa de muntatge en xapa galvanitzada.<\/li>&#13;\n<\/ul>\r\n&#13;\n<p><strong>NOU<\/strong><\/p>&#13;\n\r\n<ul class=\"wp-block-list\">&#13;\n<li><strong>Frontisses microfusionades<\/strong>: en comparaci\u00f3 amb les frontisses prensades, les frontisses microfusionades s\u00f3n m\u00e9s resistents, milloren l&#8217;estabilitat de la porta i faciliten el seu ajust.<\/li>&#13;\n\r\n\r\n&#13;\n<li><strong>Juntes de silicona<\/strong>: s\u00f3n m\u00e9s resistents i duradores que les juntes de poliuret\u00e0.<\/li>&#13;\n\r\n\r\n&#13;\n<li>A partir de certa dimensi\u00f3, tenen un <strong>refor\u00e7 tubular<\/strong> acoblat a una <strong>roda guia de suport<\/strong>: el refor\u00e7 tubular serveix per donar rigidesa a la porta i la roda guia de suport per mantenir la posici\u00f3 correcta per evitar desalineacions degudes al seu pes, garantint el correcte funcionament de la junta.<\/li>&#13;\n\r\n\r\n&#13;\n<li><strong>Vores inclinades 30\u00b0:<\/strong> les vores estan inclinades de 90\u00b0 a 30\u00b0 com en la s\u00e8rie de caixes CPN. Aix\u00f2 garanteix una compressi\u00f3 homog\u00e8nia de la junta. <\/li>&#13;\n<\/ul>\r\n&#13;\n<p><strong>PLUS SOTA COMANDA<\/strong><\/p>&#13;\n&#13;\n<p><strong>Materials:<\/strong> AISI 316L (Wnr 1.4404)<br\/><strong>Dimensions:<\/strong> especials<\/p>&#13;\n","protected":false},"excerpt":{"rendered":"<p>&#13; S\u00c8RIE CHD &#13; &#13; NOU &#13; &#13; PLUS SOTA COMANDA &#13; &#13; Materials: AISI 316L (Wnr 1.4404)Dimensions: especials &#13;<\/p>\n","protected":false},"featured_media":1667,"comment_status":"closed","ping_status":"closed","template":"","meta":[],"product_brand":[],"product_cat":[137],"product_tag":[],"certificacions-producte":[],"material":[],"class_list":{"0":"post-1666","1":"product","2":"type-product","3":"status-publish","4":"has-post-thumbnail","6":"product_cat-caixes-i-armaris-murals-dhigiene-augmentada","8":"first","9":"instock","10":"taxable","11":"shipping-taxable","12":"product-type-simple"},"yoast_head":"<!-- This site is optimized with the Yoast SEO plugin v27.3 - https:\/\/yoast.com\/product\/yoast-seo-wordpress\/ -->\n<title>S\u00e8rie CHD - Caixes i armaris murals higi\u00e8nics estancs - Volthree<\/title>\n<meta name=\"robots\" content=\"index, follow, max-snippet:-1, max-image-preview:large, max-video-preview:-1\" \/>\n<link rel=\"canonical\" href=\"https:\/\/volthree.com\/ca\/producto\/serie-chd-caixes-i-armaris-murals-higienics-estancs\/\" \/>\n<meta property=\"og:locale\" content=\"ca_ES\" \/>\n<meta property=\"og:type\" content=\"article\" \/>\n<meta property=\"og:title\" content=\"S\u00e8rie CHD - Caixes i armaris murals higi\u00e8nics estancs - Volthree\" \/>\n<meta property=\"og:description\" content=\"&#013; S\u00c8RIE CHD &#013; &#013; NOU &#013; &#013; PLUS SOTA COMANDA &#013; &#013; Materials: AISI 316L (Wnr 1.4404)Dimensions: especials &#013;\" \/>\n<meta property=\"og:url\" content=\"https:\/\/volthree.com\/ca\/producto\/serie-chd-caixes-i-armaris-murals-higienics-estancs\/\" \/>\n<meta property=\"og:site_name\" content=\"Volthree\" \/>\n<meta property=\"article:modified_time\" content=\"2026-01-09T09:22:03+00:00\" \/>\n<meta property=\"og:image\" content=\"https:\/\/volthree.com\/wp-content\/uploads\/2025\/10\/LINEA-DE-CAJAS-HERMETICAS-EN-ACERO-INOXIDABLE-600x600-1.webp\" \/>\n\t<meta property=\"og:image:width\" content=\"600\" \/>\n\t<meta property=\"og:image:height\" content=\"600\" \/>\n\t<meta property=\"og:image:type\" content=\"image\/webp\" \/>\n<meta name=\"twitter:card\" content=\"summary_large_image\" \/>\n<meta name=\"twitter:label1\" content=\"Temps estimat de lectura\" \/>\n\t<meta name=\"twitter:data1\" content=\"1 minut\" \/>\n<script type=\"application\/ld+json\" class=\"yoast-schema-graph\">{\"@context\":\"https:\\\/\\\/schema.org\",\"@graph\":[{\"@type\":\"WebPage\",\"@id\":\"https:\\\/\\\/volthree.com\\\/ca\\\/producto\\\/serie-chd-caixes-i-armaris-murals-higienics-estancs\\\/\",\"url\":\"https:\\\/\\\/volthree.com\\\/ca\\\/producto\\\/serie-chd-caixes-i-armaris-murals-higienics-estancs\\\/\",\"name\":\"S\u00e8rie CHD - Caixes i armaris murals higi\u00e8nics estancs - Volthree\",\"isPartOf\":{\"@id\":\"https:\\\/\\\/volthree.com\\\/ca\\\/#website\"},\"primaryImageOfPage\":{\"@id\":\"https:\\\/\\\/volthree.com\\\/ca\\\/producto\\\/serie-chd-caixes-i-armaris-murals-higienics-estancs\\\/#primaryimage\"},\"image\":{\"@id\":\"https:\\\/\\\/volthree.com\\\/ca\\\/producto\\\/serie-chd-caixes-i-armaris-murals-higienics-estancs\\\/#primaryimage\"},\"thumbnailUrl\":\"https:\\\/\\\/volthree.com\\\/wp-content\\\/uploads\\\/2025\\\/10\\\/LINEA-DE-CAJAS-HERMETICAS-EN-ACERO-INOXIDABLE-600x600-1.webp\",\"datePublished\":\"2025-10-08T13:15:21+00:00\",\"dateModified\":\"2026-01-09T09:22:03+00:00\",\"breadcrumb\":{\"@id\":\"https:\\\/\\\/volthree.com\\\/ca\\\/producto\\\/serie-chd-caixes-i-armaris-murals-higienics-estancs\\\/#breadcrumb\"},\"inLanguage\":\"ca\",\"potentialAction\":[{\"@type\":\"ReadAction\",\"target\":[\"https:\\\/\\\/volthree.com\\\/ca\\\/producto\\\/serie-chd-caixes-i-armaris-murals-higienics-estancs\\\/\"]}]},{\"@type\":\"ImageObject\",\"inLanguage\":\"ca\",\"@id\":\"https:\\\/\\\/volthree.com\\\/ca\\\/producto\\\/serie-chd-caixes-i-armaris-murals-higienics-estancs\\\/#primaryimage\",\"url\":\"https:\\\/\\\/volthree.com\\\/wp-content\\\/uploads\\\/2025\\\/10\\\/LINEA-DE-CAJAS-HERMETICAS-EN-ACERO-INOXIDABLE-600x600-1.webp\",\"contentUrl\":\"https:\\\/\\\/volthree.com\\\/wp-content\\\/uploads\\\/2025\\\/10\\\/LINEA-DE-CAJAS-HERMETICAS-EN-ACERO-INOXIDABLE-600x600-1.webp\",\"width\":600,\"height\":600},{\"@type\":\"BreadcrumbList\",\"@id\":\"https:\\\/\\\/volthree.com\\\/ca\\\/producto\\\/serie-chd-caixes-i-armaris-murals-higienics-estancs\\\/#breadcrumb\",\"itemListElement\":[{\"@type\":\"ListItem\",\"position\":1,\"name\":\"Portada\",\"item\":\"https:\\\/\\\/volthree.com\\\/ca\\\/inici\\\/\"},{\"@type\":\"ListItem\",\"position\":2,\"name\":\"Botiga\",\"item\":\"https:\\\/\\\/volthree.com\\\/ca\\\/botiga\\\/\"},{\"@type\":\"ListItem\",\"position\":3,\"name\":\"S\u00e8rie CHD &#8211; Caixes i armaris murals higi\u00e8nics estancs\"}]},{\"@type\":\"WebSite\",\"@id\":\"https:\\\/\\\/volthree.com\\\/ca\\\/#website\",\"url\":\"https:\\\/\\\/volthree.com\\\/ca\\\/\",\"name\":\"Volthree\",\"description\":\"Armarios el\u00e9ctricos en acero inoxidable\",\"publisher\":{\"@id\":\"https:\\\/\\\/volthree.com\\\/ca\\\/#organization\"},\"potentialAction\":[{\"@type\":\"SearchAction\",\"target\":{\"@type\":\"EntryPoint\",\"urlTemplate\":\"https:\\\/\\\/volthree.com\\\/ca\\\/?s={search_term_string}\"},\"query-input\":{\"@type\":\"PropertyValueSpecification\",\"valueRequired\":true,\"valueName\":\"search_term_string\"}}],\"inLanguage\":\"ca\"},{\"@type\":\"Organization\",\"@id\":\"https:\\\/\\\/volthree.com\\\/ca\\\/#organization\",\"name\":\"Volthree\",\"url\":\"https:\\\/\\\/volthree.com\\\/ca\\\/\",\"logo\":{\"@type\":\"ImageObject\",\"inLanguage\":\"ca\",\"@id\":\"https:\\\/\\\/volthree.com\\\/ca\\\/#\\\/schema\\\/logo\\\/image\\\/\",\"url\":\"https:\\\/\\\/volthree.com\\\/wp-content\\\/uploads\\\/2025\\\/02\\\/volthree_logo_black.webp\",\"contentUrl\":\"https:\\\/\\\/volthree.com\\\/wp-content\\\/uploads\\\/2025\\\/02\\\/volthree_logo_black.webp\",\"width\":571,\"height\":126,\"caption\":\"Volthree\"},\"image\":{\"@id\":\"https:\\\/\\\/volthree.com\\\/ca\\\/#\\\/schema\\\/logo\\\/image\\\/\"}}]}<\/script>\n<!-- \/ Yoast SEO plugin. -->","yoast_head_json":{"title":"S\u00e8rie CHD - Caixes i armaris murals higi\u00e8nics estancs - Volthree","robots":{"index":"index","follow":"follow","max-snippet":"max-snippet:-1","max-image-preview":"max-image-preview:large","max-video-preview":"max-video-preview:-1"},"canonical":"https:\/\/volthree.com\/ca\/producto\/serie-chd-caixes-i-armaris-murals-higienics-estancs\/","og_locale":"ca_ES","og_type":"article","og_title":"S\u00e8rie CHD - Caixes i armaris murals higi\u00e8nics estancs - Volthree","og_description":"&#13; S\u00c8RIE CHD &#13; &#13; NOU &#13; &#13; PLUS SOTA COMANDA &#13; &#13; Materials: AISI 316L (Wnr 1.4404)Dimensions: especials &#13;","og_url":"https:\/\/volthree.com\/ca\/producto\/serie-chd-caixes-i-armaris-murals-higienics-estancs\/","og_site_name":"Volthree","article_modified_time":"2026-01-09T09:22:03+00:00","og_image":[{"width":600,"height":600,"url":"https:\/\/volthree.com\/wp-content\/uploads\/2025\/10\/LINEA-DE-CAJAS-HERMETICAS-EN-ACERO-INOXIDABLE-600x600-1.webp","type":"image\/webp"}],"twitter_card":"summary_large_image","twitter_misc":{"Temps estimat de lectura":"1 minut"},"schema":{"@context":"https:\/\/schema.org","@graph":[{"@type":"WebPage","@id":"https:\/\/volthree.com\/ca\/producto\/serie-chd-caixes-i-armaris-murals-higienics-estancs\/","url":"https:\/\/volthree.com\/ca\/producto\/serie-chd-caixes-i-armaris-murals-higienics-estancs\/","name":"S\u00e8rie CHD - Caixes i armaris murals higi\u00e8nics estancs - Volthree","isPartOf":{"@id":"https:\/\/volthree.com\/ca\/#website"},"primaryImageOfPage":{"@id":"https:\/\/volthree.com\/ca\/producto\/serie-chd-caixes-i-armaris-murals-higienics-estancs\/#primaryimage"},"image":{"@id":"https:\/\/volthree.com\/ca\/producto\/serie-chd-caixes-i-armaris-murals-higienics-estancs\/#primaryimage"},"thumbnailUrl":"https:\/\/volthree.com\/wp-content\/uploads\/2025\/10\/LINEA-DE-CAJAS-HERMETICAS-EN-ACERO-INOXIDABLE-600x600-1.webp","datePublished":"2025-10-08T13:15:21+00:00","dateModified":"2026-01-09T09:22:03+00:00","breadcrumb":{"@id":"https:\/\/volthree.com\/ca\/producto\/serie-chd-caixes-i-armaris-murals-higienics-estancs\/#breadcrumb"},"inLanguage":"ca","potentialAction":[{"@type":"ReadAction","target":["https:\/\/volthree.com\/ca\/producto\/serie-chd-caixes-i-armaris-murals-higienics-estancs\/"]}]},{"@type":"ImageObject","inLanguage":"ca","@id":"https:\/\/volthree.com\/ca\/producto\/serie-chd-caixes-i-armaris-murals-higienics-estancs\/#primaryimage","url":"https:\/\/volthree.com\/wp-content\/uploads\/2025\/10\/LINEA-DE-CAJAS-HERMETICAS-EN-ACERO-INOXIDABLE-600x600-1.webp","contentUrl":"https:\/\/volthree.com\/wp-content\/uploads\/2025\/10\/LINEA-DE-CAJAS-HERMETICAS-EN-ACERO-INOXIDABLE-600x600-1.webp","width":600,"height":600},{"@type":"BreadcrumbList","@id":"https:\/\/volthree.com\/ca\/producto\/serie-chd-caixes-i-armaris-murals-higienics-estancs\/#breadcrumb","itemListElement":[{"@type":"ListItem","position":1,"name":"Portada","item":"https:\/\/volthree.com\/ca\/inici\/"},{"@type":"ListItem","position":2,"name":"Botiga","item":"https:\/\/volthree.com\/ca\/botiga\/"},{"@type":"ListItem","position":3,"name":"S\u00e8rie CHD &#8211; Caixes i armaris murals higi\u00e8nics estancs"}]},{"@type":"WebSite","@id":"https:\/\/volthree.com\/ca\/#website","url":"https:\/\/volthree.com\/ca\/","name":"Volthree","description":"Armarios el\u00e9ctricos en acero inoxidable","publisher":{"@id":"https:\/\/volthree.com\/ca\/#organization"},"potentialAction":[{"@type":"SearchAction","target":{"@type":"EntryPoint","urlTemplate":"https:\/\/volthree.com\/ca\/?s={search_term_string}"},"query-input":{"@type":"PropertyValueSpecification","valueRequired":true,"valueName":"search_term_string"}}],"inLanguage":"ca"},{"@type":"Organization","@id":"https:\/\/volthree.com\/ca\/#organization","name":"Volthree","url":"https:\/\/volthree.com\/ca\/","logo":{"@type":"ImageObject","inLanguage":"ca","@id":"https:\/\/volthree.com\/ca\/#\/schema\/logo\/image\/","url":"https:\/\/volthree.com\/wp-content\/uploads\/2025\/02\/volthree_logo_black.webp","contentUrl":"https:\/\/volthree.com\/wp-content\/uploads\/2025\/02\/volthree_logo_black.webp","width":571,"height":126,"caption":"Volthree"},"image":{"@id":"https:\/\/volthree.com\/ca\/#\/schema\/logo\/image\/"}}]}},"_links":{"self":[{"href":"https:\/\/volthree.com\/ca\/wp-json\/wp\/v2\/product\/1666","targetHints":{"allow":["GET"]}}],"collection":[{"href":"https:\/\/volthree.com\/ca\/wp-json\/wp\/v2\/product"}],"about":[{"href":"https:\/\/volthree.com\/ca\/wp-json\/wp\/v2\/types\/product"}],"replies":[{"embeddable":true,"href":"https:\/\/volthree.com\/ca\/wp-json\/wp\/v2\/comments?post=1666"}],"wp:featuredmedia":[{"embeddable":true,"href":"https:\/\/volthree.com\/ca\/wp-json\/wp\/v2\/media\/1667"}],"wp:attachment":[{"href":"https:\/\/volthree.com\/ca\/wp-json\/wp\/v2\/media?parent=1666"}],"wp:term":[{"taxonomy":"product_brand","embeddable":true,"href":"https:\/\/volthree.com\/ca\/wp-json\/wp\/v2\/product_brand?post=1666"},{"taxonomy":"product_cat","embeddable":true,"href":"https:\/\/volthree.com\/ca\/wp-json\/wp\/v2\/product_cat?post=1666"},{"taxonomy":"product_tag","embeddable":true,"href":"https:\/\/volthree.com\/ca\/wp-json\/wp\/v2\/product_tag?post=1666"},{"taxonomy":"certificacions-producte","embeddable":true,"href":"https:\/\/volthree.com\/ca\/wp-json\/wp\/v2\/certificacions-producte?post=1666"},{"taxonomy":"material","embeddable":true,"href":"https:\/\/volthree.com\/ca\/wp-json\/wp\/v2\/material?post=1666"}],"curies":[{"name":"wp","href":"https:\/\/api.w.org\/{rel}","templated":true}]}}