{"id":1380,"date":"2025-02-04T19:47:34","date_gmt":"2025-02-04T18:47:34","guid":{"rendered":"https:\/\/volthree.com\/empresa\/"},"modified":"2026-04-08T19:36:51","modified_gmt":"2026-04-08T17:36:51","slug":"empresa","status":"publish","type":"page","link":"https:\/\/volthree.com\/ca\/empresa\/","title":{"rendered":"Empresa"},"content":{"rendered":"\t\t<div data-elementor-type=\"wp-page\" data-elementor-id=\"1380\" class=\"elementor elementor-1380 elementor-23\" data-elementor-post-type=\"page\">\n\t\t\t\t<div class=\"elementor-element elementor-element-dd5e7a7 e-con-full e-flex e-con e-parent\" data-id=\"dd5e7a7\" data-element_type=\"container\" data-e-type=\"container\" data-settings=\"{&quot;background_background&quot;:&quot;classic&quot;}\">\n\t\t\t\t<div class=\"elementor-element elementor-element-757295a elementor-invisible elementor-widget elementor-widget-heading\" data-id=\"757295a\" data-element_type=\"widget\" data-e-type=\"widget\" data-settings=\"{&quot;_animation&quot;:&quot;slideInUp&quot;,&quot;_animation_delay&quot;:600}\" data-widget_type=\"heading.default\">\n\t\t\t\t<div class=\"elementor-widget-container\">\n\t\t\t\t\t<h1 class=\"elementor-heading-title elementor-size-default\">Qui som<\/h1>\t\t\t\t<\/div>\n\t\t\t\t<\/div>\n\t\t\t\t<\/div>\n\t\t<div class=\"elementor-element elementor-element-5df36e2 e-flex e-con-boxed e-con e-parent\" data-id=\"5df36e2\" data-element_type=\"container\" data-e-type=\"container\" data-settings=\"{&quot;background_background&quot;:&quot;classic&quot;}\">\n\t\t\t\t\t<div class=\"e-con-inner\">\n\t\t\t\t<div class=\"elementor-element elementor-element-90183d4 elementor-invisible elementor-widget elementor-widget-text-editor\" data-id=\"90183d4\" data-element_type=\"widget\" data-e-type=\"widget\" data-settings=\"{&quot;_animation&quot;:&quot;fadeIn&quot;,&quot;_animation_delay&quot;:600}\" data-widget_type=\"text-editor.default\">\n\t\t\t\t<div class=\"elementor-widget-container\">\n\t\t\t\t\t\t\t\t\t<p>Som una empresa especialitzada en la importaci\u00f3 i distribuci\u00f3 de solucions d&#8217;alt nivell per a aplicacions el\u00e8ctriques industrials. Amb un profund coneixement del mercat i un ferm comprom\u00eds amb l&#8217;excel\u00b7l\u00e8ncia, ens dediquem a subministrar Armaris El\u00e8ctrics d&#8217;Acer Inoxidable d&#8217;alta qualitat, complementat amb una \u00e0mplia gamma d&#8217;accessoris imprescindibles, destinats a la distribuci\u00f3 d&#8217;energia el\u00e8ctrica i l&#8217;automatitzaci\u00f3 industrial. El nostre equip est\u00e0 format per professionals amb una \u00e0mplia experi\u00e8ncia, apassionats i compromesos a oferir productes i solucions que compleixen amb els m\u00e9s alts est\u00e0ndards de resist\u00e8ncia, durabilitat i funcionalitat, i un servei al client d&#8217;excel\u00b7l\u00e8ncia, que busca consolidar-se com un soci estrat\u00e8gic per a l&#8217;efici\u00e8ncia i la seguretat en entorns industrials exigents.  <\/p>\t\t\t\t\t\t\t\t<\/div>\n\t\t\t\t<\/div>\n\t\t\t\t<div class=\"elementor-element elementor-element-d7280d5 elementor-align-center elementor-mobile-align-left elementor-invisible elementor-widget elementor-widget-button\" data-id=\"d7280d5\" data-element_type=\"widget\" data-e-type=\"widget\" data-settings=\"{&quot;_animation&quot;:&quot;fadeInUp&quot;,&quot;_animation_delay&quot;:600}\" data-widget_type=\"button.default\">\n\t\t\t\t<div class=\"elementor-widget-container\">\n\t\t\t\t\t\t\t\t\t<div class=\"elementor-button-wrapper\">\n\t\t\t\t\t<a class=\"elementor-button elementor-button-link elementor-size-sm\" href=\"https:\/\/volthree.com\/nosotros\">\n\t\t\t\t\t\t<span class=\"elementor-button-content-wrapper\">\n\t\t\t\t\t\t\t\t\t<span class=\"elementor-button-text\">M\u00e9s sobre nosaltres<\/span>\n\t\t\t\t\t<\/span>\n\t\t\t\t\t<\/a>\n\t\t\t\t<\/div>\n\t\t\t\t\t\t\t\t<\/div>\n\t\t\t\t<\/div>\n\t\t\t\t\t<\/div>\n\t\t\t\t<\/div>\n\t\t<div class=\"elementor-element elementor-element-a1aa6c0 e-con-full e-flex e-con e-parent\" data-id=\"a1aa6c0\" data-element_type=\"container\" data-e-type=\"container\">\n\t\t<div class=\"elementor-element elementor-element-3aea5de e-con-full e-flex e-con e-child\" data-id=\"3aea5de\" data-element_type=\"container\" data-e-type=\"container\" data-settings=\"{&quot;background_background&quot;:&quot;classic&quot;}\">\n\t\t<div class=\"elementor-element elementor-element-6cc2666 e-con-full e-flex e-con e-child\" data-id=\"6cc2666\" data-element_type=\"container\" data-e-type=\"container\">\n\t\t<div class=\"elementor-element elementor-element-871773d e-con-full e-flex e-con e-child\" data-id=\"871773d\" data-element_type=\"container\" data-e-type=\"container\">\n\t\t\t\t<div class=\"elementor-element elementor-element-d3e8aff elementor-invisible elementor-widget elementor-widget-heading\" data-id=\"d3e8aff\" data-element_type=\"widget\" data-e-type=\"widget\" data-settings=\"{&quot;_animation&quot;:&quot;fadeInDown&quot;,&quot;_animation_delay&quot;:600}\" data-widget_type=\"heading.default\">\n\t\t\t\t<div class=\"elementor-widget-container\">\n\t\t\t\t\t<h3 class=\"elementor-heading-title elementor-size-default\">Missi\u00f3<\/h3>\t\t\t\t<\/div>\n\t\t\t\t<\/div>\n\t\t\t\t<\/div>\n\t\t<div class=\"elementor-element elementor-element-51e3585 e-con-full e-flex e-con e-child\" data-id=\"51e3585\" data-element_type=\"container\" data-e-type=\"container\">\n\t\t\t\t<div class=\"elementor-element elementor-element-c6b36f9 animated-slow elementor-invisible elementor-widget elementor-widget-image\" data-id=\"c6b36f9\" data-element_type=\"widget\" data-e-type=\"widget\" data-settings=\"{&quot;_animation&quot;:&quot;fadeIn&quot;,&quot;_animation_delay&quot;:600}\" data-widget_type=\"image.default\">\n\t\t\t\t<div class=\"elementor-widget-container\">\n\t\t\t\t\t\t\t\t\t\t\t\t\t\t\t<img decoding=\"async\" width=\"132\" height=\"132\" src=\"https:\/\/volthree.com\/wp-content\/uploads\/2025\/09\/octicon_goal-16.png\" class=\"attachment-full size-full wp-image-1384\" alt=\"\" \/>\t\t\t\t\t\t\t\t\t\t\t\t\t\t\t<\/div>\n\t\t\t\t<\/div>\n\t\t\t\t<\/div>\n\t\t\t\t<\/div>\n\t\t<div class=\"elementor-element elementor-element-7bfdf2f e-con-full e-flex e-con e-child\" data-id=\"7bfdf2f\" data-element_type=\"container\" data-e-type=\"container\">\n\t\t<div class=\"elementor-element elementor-element-7101158 e-con-full e-flex e-con e-child\" data-id=\"7101158\" data-element_type=\"container\" data-e-type=\"container\">\n\t\t\t\t<\/div>\n\t\t\t\t<\/div>\n\t\t\t\t<div class=\"elementor-element elementor-element-6a821d0 elementor-invisible elementor-widget elementor-widget-text-editor\" data-id=\"6a821d0\" data-element_type=\"widget\" data-e-type=\"widget\" data-settings=\"{&quot;_animation&quot;:&quot;fadeIn&quot;,&quot;_animation_delay&quot;:600}\" data-widget_type=\"text-editor.default\">\n\t\t\t\t<div class=\"elementor-widget-container\">\n\t\t\t\t\t\t\t\t\t<p>La nostra missi\u00f3 \u00e9s ser un soci estrat\u00e8gic per als nostres clients en el subministrament d&#8217;Armaris El\u00e8ctrics d&#8217;Acer Inoxidable d&#8217;alta qualitat. Volem arribar als nostres clients a trav\u00e9s d&#8217;una extensa xarxa de distribuci\u00f3 especialitzada en solucions d&#8217;alt valor, que doni cobertura a tot el territori espanyol i que ofereixi un servei de proximitat i d&#8217;alta qualitat. Ens comprometem a proporcionar un servei excepcional, assessorament t\u00e8cnic especialitzat i una cadena de subministrament eficient per satisfer les necessitats m\u00e9s exigents i contribuir a l&#8217;\u00e8xit dels seus projectes.  <\/p>\t\t\t\t\t\t\t\t<\/div>\n\t\t\t\t<\/div>\n\t\t\t\t<\/div>\n\t\t<div class=\"elementor-element elementor-element-547a1d2 e-con-full e-flex e-con e-child\" data-id=\"547a1d2\" data-element_type=\"container\" data-e-type=\"container\">\n\t\t\t\t<div class=\"elementor-element elementor-element-7314af2 e-transform elementor-widget elementor-widget-image\" data-id=\"7314af2\" data-element_type=\"widget\" data-e-type=\"widget\" data-settings=\"{&quot;motion_fx_motion_fx_scrolling&quot;:&quot;yes&quot;,&quot;motion_fx_translateY_effect&quot;:&quot;yes&quot;,&quot;motion_fx_translateY_speed&quot;:{&quot;unit&quot;:&quot;px&quot;,&quot;size&quot;:2,&quot;sizes&quot;:[]},&quot;motion_fx_devices&quot;:[&quot;desktop&quot;,&quot;tablet&quot;],&quot;_transform_translateX_effect&quot;:{&quot;unit&quot;:&quot;px&quot;,&quot;size&quot;:-134,&quot;sizes&quot;:[]},&quot;_transform_translateX_effect_tablet&quot;:{&quot;unit&quot;:&quot;px&quot;,&quot;size&quot;:-18,&quot;sizes&quot;:[]},&quot;_transform_translateX_effect_mobile&quot;:{&quot;unit&quot;:&quot;px&quot;,&quot;size&quot;:0,&quot;sizes&quot;:[]},&quot;_transform_translateY_effect&quot;:{&quot;unit&quot;:&quot;px&quot;,&quot;size&quot;:85,&quot;sizes&quot;:[]},&quot;_transform_translateY_effect_mobile&quot;:{&quot;unit&quot;:&quot;px&quot;,&quot;size&quot;:0,&quot;sizes&quot;:[]},&quot;motion_fx_translateY_affectedRange&quot;:{&quot;unit&quot;:&quot;%&quot;,&quot;size&quot;:&quot;&quot;,&quot;sizes&quot;:{&quot;start&quot;:0,&quot;end&quot;:100}},&quot;_transform_translateY_effect_tablet&quot;:{&quot;unit&quot;:&quot;px&quot;,&quot;size&quot;:&quot;&quot;,&quot;sizes&quot;:[]}}\" data-widget_type=\"image.default\">\n\t\t\t\t<div class=\"elementor-widget-container\">\n\t\t\t\t\t\t\t\t\t\t\t\t\t\t\t<img fetchpriority=\"high\" decoding=\"async\" width=\"800\" height=\"789\" src=\"https:\/\/volthree.com\/wp-content\/uploads\/2025\/09\/Layer-0-1024x1010.jpg\" class=\"attachment-large size-large wp-image-1382\" alt=\"Armari d&#039;acer per a instal\u00b7laci\u00f3 de xarxes inform\u00e0tiques\" srcset=\"https:\/\/volthree.com\/wp-content\/uploads\/2025\/09\/Layer-0-1024x1010.jpg 1024w, https:\/\/volthree.com\/wp-content\/uploads\/2025\/09\/Layer-0-300x296.jpg 300w, https:\/\/volthree.com\/wp-content\/uploads\/2025\/09\/Layer-0-768x757.jpg 768w, https:\/\/volthree.com\/wp-content\/uploads\/2025\/09\/Layer-0.jpg 1213w\" sizes=\"(max-width: 800px) 100vw, 800px\" \/>\t\t\t\t\t\t\t\t\t\t\t\t\t\t\t<\/div>\n\t\t\t\t<\/div>\n\t\t\t\t<\/div>\n\t\t\t\t<\/div>\n\t\t<div class=\"elementor-element elementor-element-973e2c1 e-flex e-con-boxed e-con e-parent\" data-id=\"973e2c1\" data-element_type=\"container\" data-e-type=\"container\">\n\t\t\t\t\t<div class=\"e-con-inner\">\n\t\t<div class=\"elementor-element elementor-element-fd045f1 e-con-full e-flex e-con e-child\" data-id=\"fd045f1\" data-element_type=\"container\" data-e-type=\"container\">\n\t\t<div class=\"elementor-element elementor-element-a10fd6a e-con-full e-flex e-con e-child\" data-id=\"a10fd6a\" data-element_type=\"container\" data-e-type=\"container\">\n\t\t<div class=\"elementor-element elementor-element-bbaba02 e-con-full e-flex e-con e-child\" data-id=\"bbaba02\" data-element_type=\"container\" data-e-type=\"container\">\n\t\t\t\t<div class=\"elementor-element elementor-element-5e4c228 elementor-invisible elementor-widget elementor-widget-heading\" data-id=\"5e4c228\" data-element_type=\"widget\" data-e-type=\"widget\" data-settings=\"{&quot;_animation&quot;:&quot;fadeInDown&quot;,&quot;_animation_delay&quot;:600}\" data-widget_type=\"heading.default\">\n\t\t\t\t<div class=\"elementor-widget-container\">\n\t\t\t\t\t<h3 class=\"elementor-heading-title elementor-size-default\">Visi\u00f3<\/h3>\t\t\t\t<\/div>\n\t\t\t\t<\/div>\n\t\t\t\t<\/div>\n\t\t<div class=\"elementor-element elementor-element-b265c0a e-con-full e-flex e-con e-child\" data-id=\"b265c0a\" data-element_type=\"container\" data-e-type=\"container\">\n\t\t\t\t<div class=\"elementor-element elementor-element-f6f7023 animated-slow elementor-invisible elementor-widget elementor-widget-image\" data-id=\"f6f7023\" data-element_type=\"widget\" data-e-type=\"widget\" data-settings=\"{&quot;_animation&quot;:&quot;fadeIn&quot;,&quot;_animation_delay&quot;:600}\" data-widget_type=\"image.default\">\n\t\t\t\t<div class=\"elementor-widget-container\">\n\t\t\t\t\t\t\t\t\t\t\t\t\t\t\t<img decoding=\"async\" width=\"114\" height=\"78\" src=\"https:\/\/volthree.com\/wp-content\/uploads\/2025\/09\/Vector.png\" class=\"attachment-full size-full wp-image-1383\" alt=\"\" \/>\t\t\t\t\t\t\t\t\t\t\t\t\t\t\t<\/div>\n\t\t\t\t<\/div>\n\t\t\t\t<\/div>\n\t\t\t\t<\/div>\n\t\t\t\t<\/div>\n\t\t\t\t<div class=\"elementor-element elementor-element-0e1b4b5 elementor-invisible elementor-widget elementor-widget-text-editor\" data-id=\"0e1b4b5\" data-element_type=\"widget\" data-e-type=\"widget\" data-settings=\"{&quot;_animation&quot;:&quot;fadeIn&quot;,&quot;_animation_delay&quot;:600}\" data-widget_type=\"text-editor.default\">\n\t\t\t\t<div class=\"elementor-widget-container\">\n\t\t\t\t\t\t\t\t\t<p>Volem ser l&#8217;empresa l\u00edder i referent en la importaci\u00f3 i distribuci\u00f3 de components d&#8217;alta qualitat destinats a la distribuci\u00f3 el\u00e8ctrica i l&#8217;automatitzaci\u00f3 industrial. Reconeguda per una pres\u00e8ncia \u00e0mplia a tot el territori espanyol a trav\u00e9s d&#8217;una xarxa de distribu\u00efdors especialistes de prestigi conegut, i amb una acreditada vocaci\u00f3 cap a la innovaci\u00f3 constant i l&#8217;orientaci\u00f3 als seus clients. I tot aix\u00f2 recolzat amb un cat\u00e0leg de solucions, amb productes i serveis d&#8217;alta qualitat acreditats i de prestigioses marques.  <\/p>\t\t\t\t\t\t\t\t<\/div>\n\t\t\t\t<\/div>\n\t\t\t\t\t<\/div>\n\t\t\t\t<\/div>\n\t\t<div class=\"elementor-element elementor-element-fd75de0 e-flex e-con-boxed e-con e-parent\" data-id=\"fd75de0\" data-element_type=\"container\" data-e-type=\"container\" data-settings=\"{&quot;background_background&quot;:&quot;classic&quot;}\">\n\t\t\t\t\t<div class=\"e-con-inner\">\n\t\t<div class=\"elementor-element elementor-element-51ffd6d e-con-full e-flex e-con e-child\" data-id=\"51ffd6d\" data-element_type=\"container\" data-e-type=\"container\">\n\t\t\t\t<div class=\"elementor-element elementor-element-7cbb69a elementor-widget elementor-widget-heading\" data-id=\"7cbb69a\" data-element_type=\"widget\" data-e-type=\"widget\" data-widget_type=\"heading.default\">\n\t\t\t\t<div class=\"elementor-widget-container\">\n\t\t\t\t\t<h2 class=\"elementor-heading-title elementor-size-default\">Voleu m\u00e9s informaci\u00f3?<\/h2>\t\t\t\t<\/div>\n\t\t\t\t<\/div>\n\t\t\t\t<div class=\"elementor-element elementor-element-32d8e43 elementor-widget elementor-widget-heading\" data-id=\"32d8e43\" data-element_type=\"widget\" data-e-type=\"widget\" data-widget_type=\"heading.default\">\n\t\t\t\t<div class=\"elementor-widget-container\">\n\t\t\t\t\t<h5 class=\"elementor-heading-title elementor-size-default\">Si voleu m\u00e9s informaci\u00f3 sobre els nostres productes o serveis, poseu-vos en contacte amb nosaltres. Estarem encantats d'atendre-us i resoldre qualsevol dubte. <\/h5>\t\t\t\t<\/div>\n\t\t\t\t<\/div>\n\t\t\t\t<div class=\"elementor-element elementor-element-716ee47 elementor-align-center elementor-invisible elementor-widget elementor-widget-button\" data-id=\"716ee47\" data-element_type=\"widget\" data-e-type=\"widget\" data-settings=\"{&quot;_animation&quot;:&quot;fadeInUp&quot;,&quot;_animation_delay&quot;:600}\" data-widget_type=\"button.default\">\n\t\t\t\t<div class=\"elementor-widget-container\">\n\t\t\t\t\t\t\t\t\t<div class=\"elementor-button-wrapper\">\n\t\t\t\t\t<a class=\"elementor-button elementor-button-link elementor-size-sm\" href=\"https:\/\/volthree.com\/ca\/contacte\/\">\n\t\t\t\t\t\t<span class=\"elementor-button-content-wrapper\">\n\t\t\t\t\t\t\t\t\t<span class=\"elementor-button-text\">Contacte<\/span>\n\t\t\t\t\t<\/span>\n\t\t\t\t\t<\/a>\n\t\t\t\t<\/div>\n\t\t\t\t\t\t\t\t<\/div>\n\t\t\t\t<\/div>\n\t\t\t\t<\/div>\n\t\t\t\t\t<\/div>\n\t\t\t\t<\/div>\n\t\t\t\t<\/div>\n\t\t","protected":false},"excerpt":{"rendered":"<p>Qui som Som una empresa especialitzada en la importaci\u00f3 i distribuci\u00f3 de solucions d&#8217;alt nivell per a aplicacions el\u00e8ctriques industrials. Amb un profund coneixement del mercat i un ferm comprom\u00eds amb l&#8217;excel\u00b7l\u00e8ncia, ens dediquem a subministrar Armaris El\u00e8ctrics d&#8217;Acer Inoxidable d&#8217;alta qualitat, complementat amb una \u00e0mplia gamma d&#8217;accessoris imprescindibles, destinats a la distribuci\u00f3 d&#8217;energia el\u00e8ctrica [&hellip;]<\/p>\n","protected":false},"author":1,"featured_media":1185,"parent":0,"menu_order":0,"comment_status":"closed","ping_status":"closed","template":"elementor_header_footer","meta":{"footnotes":""},"class_list":["post-1380","page","type-page","status-publish","has-post-thumbnail","hentry"],"yoast_head":"<!-- This site is optimized with the Yoast SEO plugin v27.3 - https:\/\/yoast.com\/product\/yoast-seo-wordpress\/ -->\n<title>Empresa de distribuci\u00f3 industrial - Volthree<\/title>\n<meta name=\"description\" content=\"Volthree, empresa de distribuci\u00f3 industrial especialitzada en armaris el\u00e8ctrics i solucions per a automatitzaci\u00f3 i energia.\" \/>\n<meta name=\"robots\" content=\"index, follow, max-snippet:-1, max-image-preview:large, max-video-preview:-1\" \/>\n<link rel=\"canonical\" href=\"https:\/\/volthree.com\/ca\/empresa\/\" \/>\n<meta property=\"og:locale\" content=\"ca_ES\" \/>\n<meta property=\"og:type\" content=\"article\" \/>\n<meta property=\"og:title\" content=\"Empresa de distribuci\u00f3 industrial - Volthree\" \/>\n<meta property=\"og:description\" content=\"Volthree, empresa de distribuci\u00f3 industrial especialitzada en armaris el\u00e8ctrics i solucions per a automatitzaci\u00f3 i energia.\" \/>\n<meta property=\"og:url\" content=\"https:\/\/volthree.com\/ca\/empresa\/\" \/>\n<meta property=\"og:site_name\" content=\"Volthree\" \/>\n<meta property=\"article:modified_time\" content=\"2026-04-08T17:36:51+00:00\" \/>\n<meta property=\"og:image\" content=\"https:\/\/volthree.com\/wp-content\/uploads\/2025\/02\/volthree_favicon.png\" \/>\n\t<meta property=\"og:image:width\" content=\"151\" \/>\n\t<meta property=\"og:image:height\" content=\"151\" \/>\n\t<meta property=\"og:image:type\" content=\"image\/png\" \/>\n<meta name=\"twitter:card\" content=\"summary_large_image\" \/>\n<meta name=\"twitter:label1\" content=\"Temps estimat de lectura\" \/>\n\t<meta name=\"twitter:data1\" content=\"2 minuts\" \/>\n<script type=\"application\/ld+json\" class=\"yoast-schema-graph\">{\"@context\":\"https:\\\/\\\/schema.org\",\"@graph\":[{\"@type\":\"WebPage\",\"@id\":\"https:\\\/\\\/volthree.com\\\/ca\\\/empresa\\\/\",\"url\":\"https:\\\/\\\/volthree.com\\\/ca\\\/empresa\\\/\",\"name\":\"Empresa de distribuci\u00f3 industrial - Volthree\",\"isPartOf\":{\"@id\":\"https:\\\/\\\/volthree.com\\\/ca\\\/#website\"},\"primaryImageOfPage\":{\"@id\":\"https:\\\/\\\/volthree.com\\\/ca\\\/empresa\\\/#primaryimage\"},\"image\":{\"@id\":\"https:\\\/\\\/volthree.com\\\/ca\\\/empresa\\\/#primaryimage\"},\"thumbnailUrl\":\"https:\\\/\\\/volthree.com\\\/wp-content\\\/uploads\\\/2025\\\/02\\\/volthree_favicon.png\",\"datePublished\":\"2025-02-04T18:47:34+00:00\",\"dateModified\":\"2026-04-08T17:36:51+00:00\",\"description\":\"Volthree, empresa de distribuci\u00f3 industrial especialitzada en armaris el\u00e8ctrics i solucions per a automatitzaci\u00f3 i energia.\",\"breadcrumb\":{\"@id\":\"https:\\\/\\\/volthree.com\\\/ca\\\/empresa\\\/#breadcrumb\"},\"inLanguage\":\"ca\",\"potentialAction\":[{\"@type\":\"ReadAction\",\"target\":[\"https:\\\/\\\/volthree.com\\\/ca\\\/empresa\\\/\"]}]},{\"@type\":\"ImageObject\",\"inLanguage\":\"ca\",\"@id\":\"https:\\\/\\\/volthree.com\\\/ca\\\/empresa\\\/#primaryimage\",\"url\":\"https:\\\/\\\/volthree.com\\\/wp-content\\\/uploads\\\/2025\\\/02\\\/volthree_favicon.png\",\"contentUrl\":\"https:\\\/\\\/volthree.com\\\/wp-content\\\/uploads\\\/2025\\\/02\\\/volthree_favicon.png\",\"width\":151,\"height\":151},{\"@type\":\"BreadcrumbList\",\"@id\":\"https:\\\/\\\/volthree.com\\\/ca\\\/empresa\\\/#breadcrumb\",\"itemListElement\":[{\"@type\":\"ListItem\",\"position\":1,\"name\":\"Portada\",\"item\":\"https:\\\/\\\/volthree.com\\\/ca\\\/inici\\\/\"},{\"@type\":\"ListItem\",\"position\":2,\"name\":\"Empresa\"}]},{\"@type\":\"WebSite\",\"@id\":\"https:\\\/\\\/volthree.com\\\/ca\\\/#website\",\"url\":\"https:\\\/\\\/volthree.com\\\/ca\\\/\",\"name\":\"Volthree\",\"description\":\"Armarios el\u00e9ctricos en acero inoxidable\",\"publisher\":{\"@id\":\"https:\\\/\\\/volthree.com\\\/ca\\\/#organization\"},\"potentialAction\":[{\"@type\":\"SearchAction\",\"target\":{\"@type\":\"EntryPoint\",\"urlTemplate\":\"https:\\\/\\\/volthree.com\\\/ca\\\/?s={search_term_string}\"},\"query-input\":{\"@type\":\"PropertyValueSpecification\",\"valueRequired\":true,\"valueName\":\"search_term_string\"}}],\"inLanguage\":\"ca\"},{\"@type\":\"Organization\",\"@id\":\"https:\\\/\\\/volthree.com\\\/ca\\\/#organization\",\"name\":\"Volthree\",\"url\":\"https:\\\/\\\/volthree.com\\\/ca\\\/\",\"logo\":{\"@type\":\"ImageObject\",\"inLanguage\":\"ca\",\"@id\":\"https:\\\/\\\/volthree.com\\\/ca\\\/#\\\/schema\\\/logo\\\/image\\\/\",\"url\":\"https:\\\/\\\/volthree.com\\\/wp-content\\\/uploads\\\/2025\\\/02\\\/volthree_logo_black.webp\",\"contentUrl\":\"https:\\\/\\\/volthree.com\\\/wp-content\\\/uploads\\\/2025\\\/02\\\/volthree_logo_black.webp\",\"width\":571,\"height\":126,\"caption\":\"Volthree\"},\"image\":{\"@id\":\"https:\\\/\\\/volthree.com\\\/ca\\\/#\\\/schema\\\/logo\\\/image\\\/\"}}]}<\/script>\n<!-- \/ Yoast SEO plugin. -->","yoast_head_json":{"title":"Empresa de distribuci\u00f3 industrial - Volthree","description":"Volthree, empresa de distribuci\u00f3 industrial especialitzada en armaris el\u00e8ctrics i solucions per a automatitzaci\u00f3 i energia.","robots":{"index":"index","follow":"follow","max-snippet":"max-snippet:-1","max-image-preview":"max-image-preview:large","max-video-preview":"max-video-preview:-1"},"canonical":"https:\/\/volthree.com\/ca\/empresa\/","og_locale":"ca_ES","og_type":"article","og_title":"Empresa de distribuci\u00f3 industrial - Volthree","og_description":"Volthree, empresa de distribuci\u00f3 industrial especialitzada en armaris el\u00e8ctrics i solucions per a automatitzaci\u00f3 i energia.","og_url":"https:\/\/volthree.com\/ca\/empresa\/","og_site_name":"Volthree","article_modified_time":"2026-04-08T17:36:51+00:00","og_image":[{"width":151,"height":151,"url":"https:\/\/volthree.com\/wp-content\/uploads\/2025\/02\/volthree_favicon.png","type":"image\/png"}],"twitter_card":"summary_large_image","twitter_misc":{"Temps estimat de lectura":"2 minuts"},"schema":{"@context":"https:\/\/schema.org","@graph":[{"@type":"WebPage","@id":"https:\/\/volthree.com\/ca\/empresa\/","url":"https:\/\/volthree.com\/ca\/empresa\/","name":"Empresa de distribuci\u00f3 industrial - Volthree","isPartOf":{"@id":"https:\/\/volthree.com\/ca\/#website"},"primaryImageOfPage":{"@id":"https:\/\/volthree.com\/ca\/empresa\/#primaryimage"},"image":{"@id":"https:\/\/volthree.com\/ca\/empresa\/#primaryimage"},"thumbnailUrl":"https:\/\/volthree.com\/wp-content\/uploads\/2025\/02\/volthree_favicon.png","datePublished":"2025-02-04T18:47:34+00:00","dateModified":"2026-04-08T17:36:51+00:00","description":"Volthree, empresa de distribuci\u00f3 industrial especialitzada en armaris el\u00e8ctrics i solucions per a automatitzaci\u00f3 i energia.","breadcrumb":{"@id":"https:\/\/volthree.com\/ca\/empresa\/#breadcrumb"},"inLanguage":"ca","potentialAction":[{"@type":"ReadAction","target":["https:\/\/volthree.com\/ca\/empresa\/"]}]},{"@type":"ImageObject","inLanguage":"ca","@id":"https:\/\/volthree.com\/ca\/empresa\/#primaryimage","url":"https:\/\/volthree.com\/wp-content\/uploads\/2025\/02\/volthree_favicon.png","contentUrl":"https:\/\/volthree.com\/wp-content\/uploads\/2025\/02\/volthree_favicon.png","width":151,"height":151},{"@type":"BreadcrumbList","@id":"https:\/\/volthree.com\/ca\/empresa\/#breadcrumb","itemListElement":[{"@type":"ListItem","position":1,"name":"Portada","item":"https:\/\/volthree.com\/ca\/inici\/"},{"@type":"ListItem","position":2,"name":"Empresa"}]},{"@type":"WebSite","@id":"https:\/\/volthree.com\/ca\/#website","url":"https:\/\/volthree.com\/ca\/","name":"Volthree","description":"Armarios el\u00e9ctricos en acero inoxidable","publisher":{"@id":"https:\/\/volthree.com\/ca\/#organization"},"potentialAction":[{"@type":"SearchAction","target":{"@type":"EntryPoint","urlTemplate":"https:\/\/volthree.com\/ca\/?s={search_term_string}"},"query-input":{"@type":"PropertyValueSpecification","valueRequired":true,"valueName":"search_term_string"}}],"inLanguage":"ca"},{"@type":"Organization","@id":"https:\/\/volthree.com\/ca\/#organization","name":"Volthree","url":"https:\/\/volthree.com\/ca\/","logo":{"@type":"ImageObject","inLanguage":"ca","@id":"https:\/\/volthree.com\/ca\/#\/schema\/logo\/image\/","url":"https:\/\/volthree.com\/wp-content\/uploads\/2025\/02\/volthree_logo_black.webp","contentUrl":"https:\/\/volthree.com\/wp-content\/uploads\/2025\/02\/volthree_logo_black.webp","width":571,"height":126,"caption":"Volthree"},"image":{"@id":"https:\/\/volthree.com\/ca\/#\/schema\/logo\/image\/"}}]}},"_links":{"self":[{"href":"https:\/\/volthree.com\/ca\/wp-json\/wp\/v2\/pages\/1380","targetHints":{"allow":["GET"]}}],"collection":[{"href":"https:\/\/volthree.com\/ca\/wp-json\/wp\/v2\/pages"}],"about":[{"href":"https:\/\/volthree.com\/ca\/wp-json\/wp\/v2\/types\/page"}],"author":[{"embeddable":true,"href":"https:\/\/volthree.com\/ca\/wp-json\/wp\/v2\/users\/1"}],"replies":[{"embeddable":true,"href":"https:\/\/volthree.com\/ca\/wp-json\/wp\/v2\/comments?post=1380"}],"version-history":[{"count":2,"href":"https:\/\/volthree.com\/ca\/wp-json\/wp\/v2\/pages\/1380\/revisions"}],"predecessor-version":[{"id":3482,"href":"https:\/\/volthree.com\/ca\/wp-json\/wp\/v2\/pages\/1380\/revisions\/3482"}],"wp:featuredmedia":[{"embeddable":true,"href":"https:\/\/volthree.com\/ca\/wp-json\/wp\/v2\/media\/1185"}],"wp:attachment":[{"href":"https:\/\/volthree.com\/ca\/wp-json\/wp\/v2\/media?parent=1380"}],"curies":[{"name":"wp","href":"https:\/\/api.w.org\/{rel}","templated":true}]}}